{"id":849,"date":"2014-07-30T19:52:21","date_gmt":"2014-07-30T17:52:21","guid":{"rendered":"http:\/\/2024.eret-tortechnik.de\/wordpress_2020\/?page_id=849"},"modified":"2021-03-05T11:35:37","modified_gmt":"2021-03-05T09:35:37","slug":"lebensmitteltore","status":"publish","type":"page","link":"https:\/\/2024.eret-tortechnik.de\/nl\/anwendungsgebiete_schnelllauftore\/lebensmitteltore\/","title":{"rendered":"Lebensmitteltore"},"content":{"rendered":"<p>[et_pb_section fb_built=&#8220;1&#8243; admin_label=&#8220;section&#8220; _builder_version=&#8220;3.22&#8243;][et_pb_row admin_label=&#8220;row&#8220; _builder_version=&#8220;3.25&#8243; background_size=&#8220;initial&#8220; background_position=&#8220;top_left&#8220; background_repeat=&#8220;repeat&#8220;][et_pb_column type=&#8220;4_4&#8243; _builder_version=&#8220;3.25&#8243; custom_padding=&#8220;|||&#8220; custom_padding__hover=&#8220;|||&#8220;][et_pb_text admin_label=&#8220;Text&#8220; _builder_version=&#8220;4.9.1&#8243; background_size=&#8220;initial&#8220; background_position=&#8220;top_left&#8220; background_repeat=&#8220;repeat&#8220;]<\/p>\n<p><span style=\"color: #ffffff;\">.<\/span><\/p>\n<p><img loading=\"lazy\" decoding=\"async\" class=\"alignleft wp-image-2274\" src=\"http:\/\/2024.eret-tortechnik.de\/wp-content\/uploads\/2015\/01\/model_food-300x300.jpg\" alt=\"model_food\" width=\"250\" height=\"250\" srcset=\"https:\/\/2024.eret-tortechnik.de\/wp-content\/uploads\/2015\/01\/model_food.jpg 300w, https:\/\/2024.eret-tortechnik.de\/wp-content\/uploads\/2015\/01\/model_food-150x150.jpg 150w\" sizes=\"(max-width: 250px) 100vw, 250px\" \/><\/p>\n<h1>ProLine Schnelllauftor PSE-M<\/h1>\n<h1>Ausstattung &#8222;FOOD&#8220;<\/h1>\n<h2>Das Schnelllauftor f\u00fcr die Lebensmittel-Produktion<\/h2>\n<p>&nbsp;<\/p>\n<p>&nbsp;<\/p>\n<table style=\"height: 321px;\" width=\"801\">\n<tbody>\n<tr>\n<td>Laufgeschwindigkeit (\u00d6ffnen)<\/td>\n<td style=\"text-align: right;\">1,7 \u00a0oder 2,9 m\/sek. (V\/max)<\/td>\n<\/tr>\n<tr>\n<td>Laufgeschwindigkeit (Schlie\u00dfen)<\/td>\n<td style=\"text-align: right;\">0,8\u00a0m\/sek.<\/td>\n<\/tr>\n<tr>\n<td>Freitragende Torkonstruktion. Nicht h\u00e4ngend. F\u00fcr Panelw\u00e4nde geeignet<\/td>\n<td style=\"text-align: right;\">ja &#8211; serienm\u00e4\u00dfig<\/td>\n<\/tr>\n<tr>\n<td>Ber\u00fchrungslose Torsicherheit bis H 2500 mm (Lichtgitter)<\/td>\n<td style=\"text-align: right;\">ja &#8211; serienm\u00e4\u00dfig<\/td>\n<\/tr>\n<tr>\n<td>Sichtfenster auf voller Torbreite<\/td>\n<td style=\"text-align: right;\">ja &#8211; serienm\u00e4\u00dfig<\/td>\n<\/tr>\n<tr>\n<td>Alle Oberfl\u00e4chen Alu eloxiert E6EV1 oder\u00a0Edelstahl V2A<\/td>\n<td style=\"text-align: right;\">ja &#8211; Edelstahl optional<\/td>\n<\/tr>\n<tr>\n<td>F\u00fchrungsschienen unten zur Reinigung ge\u00f6ffnet<\/td>\n<td style=\"text-align: right;\">ja &#8211; serienm\u00e4\u00dfig<\/td>\n<\/tr>\n<tr>\n<td>Steuerschrank in Schutzklasse IP67 \u00a0Edelstahl V2A<\/td>\n<td style=\"text-align: right;\">ja &#8211; serienm\u00e4\u00dfig<\/td>\n<\/tr>\n<tr>\n<td>Steuerschrank, Antriebs- und Wellenverkleidung mit schr\u00e4gem Dach<\/td>\n<td style=\"text-align: right;\">optional<\/td>\n<\/tr>\n<tr>\n<td>Antrieb und Kugellager in erh\u00f6hter Schutzklasse IP 65<\/td>\n<td style=\"text-align: right;\">ja &#8211; serienm\u00e4\u00dfig<\/td>\n<\/tr>\n<tr>\n<td>Keine Kontaktleiste, die in Feuchtigkeit oder Chemikalien am Boden steht<\/td>\n<td style=\"text-align: right;\">ja &#8211; serienm\u00e4\u00dfig<\/td>\n<\/tr>\n<\/tbody>\n<\/table>\n<h2><a href=\"http:\/\/2024.eret-tortechnik.de\/wp-content\/uploads\/2014\/11\/IMG_1634.jpg\"><img loading=\"lazy\" decoding=\"async\" class=\"wp-image-1678 alignright\" src=\"http:\/\/2024.eret-tortechnik.de\/wp-content\/uploads\/2014\/11\/IMG_1634.jpg\" alt=\"Schnellauftore mit Korrosionsschutz\" width=\"320\" height=\"213\" srcset=\"https:\/\/2024.eret-tortechnik.de\/wp-content\/uploads\/2014\/11\/IMG_1634.jpg 800w, https:\/\/2024.eret-tortechnik.de\/wp-content\/uploads\/2014\/11\/IMG_1634-300x199.jpg 300w\" sizes=\"(max-width: 320px) 100vw, 320px\" \/><\/a>Das Schnelllauftor f\u00fcr die Lebensmittel-Industrie<\/h2>\n<p>Schnelllauftore k\u00f6nnen optimal als Raumteilung, zur Abtrennung verschiedener Produktionsbereiche oder nach au\u00dfen hin eingesetzt werden. Der Behang kann wahlweise aus geschlossenem PES\/PVC, volltransparentem PVC oder Fliegengitter &#8211; Gewebe hergestellt sein.<\/p>\n<h2>Oberfl\u00e4chen in Edelstahl oder Aluminium eloxiert<\/h2>\n<p>Bevorzugt werden die F\u00fchrungsschienen in Alu-Eloxiert oder Edelstahl V2A ausgef\u00fchrt. Zus\u00e4tzlich erhalten\u00a0auch gr\u00f6\u00dfere Tore eine Antriebs- und Wellenverkleidung &#8211; mit schr\u00e4gem Dach.\u00a0 In Anbh\u00e4ngigkeit der verwendeten Reinigungs-Chemikalien ist vorab die Vertr\u00e4glichkeit mit Alu, Stahl und Edelstahl zu pr\u00fcfen.\u00a0Zumeist stellen die \u00a0serienm\u00e4\u00dfig eloxierten Oberfl\u00e4chen bereits einen optimalen Korrosionsschutz dar. Auf den Einsatz von teurem Edelstahl kann in diesem Fall verzichtet werden.<\/p>\n<h2><a href=\"http:\/\/2024.eret-tortechnik.de\/wp-content\/uploads\/2014\/11\/IMG_1627-Bearbeitet.jpg\"><img loading=\"lazy\" decoding=\"async\" class=\"wp-image-1677 alignleft\" src=\"http:\/\/2024.eret-tortechnik.de\/wp-content\/uploads\/2014\/11\/IMG_1627-Bearbeitet.jpg\" alt=\"Schnelllauftore Lebensmittel\" width=\"364\" height=\"395\" srcset=\"https:\/\/2024.eret-tortechnik.de\/wp-content\/uploads\/2014\/11\/IMG_1627-Bearbeitet.jpg 737w, https:\/\/2024.eret-tortechnik.de\/wp-content\/uploads\/2014\/11\/IMG_1627-Bearbeitet-276x300.jpg 276w\" sizes=\"(max-width: 364px) 100vw, 364px\" \/><\/a>Antrieb und Steuerung mit erh\u00f6hter Schutzklasse<\/h2>\n<p>Antrieb und Steuerung erhalten eine h\u00f6here Schutzklasse (Meist IP65\/IP67). Reinigungsmittel k\u00f6nnten eine hochempflindliche Kontaktleiste besch\u00e4digen. Daher setzen wir konsequent ber\u00fchrungslos arbeitende Lichtgitter ein. Die Lichtgitter liegen verdeckt innerhalb der Seitenteile.\u00a0\u00a0Die Abdichtung zum Boden wird mittels einer speziellen Bodendichtung in grau oder gelber Warnfarbe\u00a0gew\u00e4hrleistet.<\/p>\n<h2>Steuerschrank aus Edelstahl mit schr\u00e4gem Dachteil. Torblatt lebensmittelecht.<\/h2>\n<p>Der Steuerschrank wird entweder au\u00dferhalb des &#8222;Wash-Down&#8220; Bereiches angebracht oder mit einem V2A Geh\u00e4use mit schr\u00e4gem Dach und Schutzart IP67 ausgef\u00fchrt. Das im Tor verwendete PES\/PVC ist lebensmittelecht.<\/p>\n<p>Im Tagesbetrieb wird das Schnelllauftor im Automatikbetieb f\u00fcr jede Durchfahrt bzw. Durchgang ge\u00f6ffnet und schnellstm\u00f6glich wieder geschlossen. F\u00fcr den Automatikbetrieb k\u00f6nnen alle g\u00e4ngigen Impulsgeber wie Bewegungsmelder, Induktionschleifen, Zugseilschalter usw. angeschlossen werden.<\/p>\n<h2>Schnelles Schlie\u00dfen durch Raum\u00fcberwachung m\u00f6glich<\/h2>\n<p>Da die Toranlagen zumeist selbstt\u00e4tig zulaufen, empfiehlt sich der Einsatz einer Raum\u00fcberwachung als Personen- und Sachschutz.<br \/>Auf Wunsch stehen zahlreiche Zusatzausstattungen zur Verf\u00fcgung. So k\u00f6nnen die Tore genau an die jeweiligen Gegebenheiten angepasst werden.<\/p>\n<p>&nbsp;<\/p>\n<h6 style=\"text-align: center;\"><\/h6>\n<p>[\/et_pb_text][\/et_pb_column][\/et_pb_row][\/et_pb_section]<\/p>\n","protected":false},"excerpt":{"rendered":"<p>. ProLine Schnelllauftor PSE-M Ausstattung &#8222;FOOD&#8220; Das Schnelllauftor f\u00fcr die Lebensmittel-Produktion &nbsp; &nbsp; Laufgeschwindigkeit (\u00d6ffnen) 1,7 \u00a0oder 2,9 m\/sek. (V\/max) Laufgeschwindigkeit (Schlie\u00dfen) 0,8\u00a0m\/sek. Freitragende Torkonstruktion. Nicht h\u00e4ngend. F\u00fcr Panelw\u00e4nde geeignet ja &#8211; serienm\u00e4\u00dfig Ber\u00fchrungslose Torsicherheit bis H 2500 mm (Lichtgitter) ja &#8211; serienm\u00e4\u00dfig Sichtfenster auf voller Torbreite ja &#8211; serienm\u00e4\u00dfig Alle Oberfl\u00e4chen Alu eloxiert E6EV1 [&hellip;]<\/p>\n","protected":false},"author":9,"featured_media":0,"parent":825,"menu_order":0,"comment_status":"closed","ping_status":"closed","template":"","meta":{"_acf_changed":false,"_et_pb_use_builder":"on","_et_pb_old_content":"<span style=\"color: #ffffff;\">.<\/span>\r\n<h1>ERET ProLine Schnelllauftor PSE-M \/ PSE-S<\/h1>\r\n<h1>Modell-Variante \"FOOD\"<\/h1>\r\n<h2>Das Schnelllauftor f\u00fcr die Lebensmittel-Produktion<\/h2>\r\n&nbsp;\r\n\r\n&nbsp;\r\n\r\n<img class=\"alignleft wp-image-2274\" src=\"http:\/\/2024.eret-tortechnik.de\/wp-content\/uploads\/2015\/01\/model_food-300x300.jpg\" alt=\"model_food\" width=\"250\" height=\"250\" \/>\r\n<table style=\"height: 321px;\" width=\"801\">\r\n<tbody>\r\n<tr>\r\n<td>Laufgeschwindigkeit (\u00d6ffnen)<\/td>\r\n<td style=\"text-align: right;\">1,7 \u00a0oder 2,9 m\/sek. (V\/max)<\/td>\r\n<\/tr>\r\n<tr>\r\n<td>Laufgeschwindigkeit (Schlie\u00dfen)<\/td>\r\n<td style=\"text-align: right;\">0,8\u00a0m\/sek.<\/td>\r\n<\/tr>\r\n<tr>\r\n<td>Freitragende Torkonstruktion. Nicht h\u00e4ngend. F\u00fcr Panelw\u00e4nde geeignet<\/td>\r\n<td style=\"text-align: right;\">ja - serienm\u00e4\u00dfig<\/td>\r\n<\/tr>\r\n<tr>\r\n<td>Ber\u00fchrungslose Torsicherheit bis H 2500 mm (Lichtgitter)<\/td>\r\n<td style=\"text-align: right;\">ja - serienm\u00e4\u00dfig<\/td>\r\n<\/tr>\r\n<tr>\r\n<td>Sichtfenster auf voller Torbreite<\/td>\r\n<td style=\"text-align: right;\">ja - serienm\u00e4\u00dfig<\/td>\r\n<\/tr>\r\n<tr>\r\n<td>Alle Oberfl\u00e4chen Alu eloxiert E6EV1 oder\u00a0Edelstahl V2A<\/td>\r\n<td style=\"text-align: right;\">ja - Edelstahl optional<\/td>\r\n<\/tr>\r\n<tr>\r\n<td>F\u00fchrungsschienen unten zur Reinigung ge\u00f6ffnet<\/td>\r\n<td style=\"text-align: right;\">ja - serienm\u00e4\u00dfig<\/td>\r\n<\/tr>\r\n<tr>\r\n<td>Steuerschrank in Schutzklasse IP67 \u00a0Edelstahl V2A<\/td>\r\n<td style=\"text-align: right;\">ja - serienm\u00e4\u00dfig<\/td>\r\n<\/tr>\r\n<tr>\r\n<td>Steuerschrank, Antriebs- und Wellenverkleidung mit schr\u00e4gem Dach<\/td>\r\n<td style=\"text-align: right;\">optional<\/td>\r\n<\/tr>\r\n<tr>\r\n<td>Antrieb und Kugellager in erh\u00f6hter Schutzklasse IP 65<\/td>\r\n<td style=\"text-align: right;\">ja - serienm\u00e4\u00dfig<\/td>\r\n<\/tr>\r\n<tr>\r\n<td>Keine Kontaktleiste, die in Feuchtigkeit oder Chemikalien am Boden steht<\/td>\r\n<td style=\"text-align: right;\">ja - serienm\u00e4\u00dfig<\/td>\r\n<\/tr>\r\n<\/tbody>\r\n<\/table>\r\n<h2><a href=\"http:\/\/2024.eret-tortechnik.de\/wp-content\/uploads\/2014\/11\/IMG_1634.jpg\"><img class=\"wp-image-1678 alignright\" src=\"http:\/\/2024.eret-tortechnik.de\/wp-content\/uploads\/2014\/11\/IMG_1634.jpg\" alt=\"Schnellauftore mit Korrosionsschutz\" width=\"320\" height=\"213\" \/><\/a>Das Schnelllauftor f\u00fcr die Lebensmittel-Industrie<\/h2>\r\nSchnelllauftore k\u00f6nnen optimal als Raumteilung, zur Abtrennung verschiedener Produktionsbereiche oder nach au\u00dfen hin eingesetzt werden. Der Behang kann wahlweise aus geschlossenem PES\/PVC, volltransparentem PVC oder Fliegengitter - Gewebe hergestellt sein.\r\n<h2>Oberfl\u00e4chen in Edelstahl oder Aluminium eloxiert<\/h2>\r\nBevorzugt werden die F\u00fchrungsschienen in Alu-Eloxiert oder Edelstahl V2A ausgef\u00fchrt. Zus\u00e4tzlich erhalten\u00a0auch gr\u00f6\u00dfere Tore eine Antriebs- und Wellenverkleidung - mit schr\u00e4gem Dach.\u00a0 In Anbh\u00e4ngigkeit der verwendeten Reinigungs-Chemikalien ist vorab die Vertr\u00e4glichkeit mit Alu, Stahl und Edelstahl zu pr\u00fcfen.\u00a0Zumeist stellen die \u00a0serienm\u00e4\u00dfig eloxierten Oberfl\u00e4chen bereits einen optimalen Korrosionsschutz dar. Auf den Einsatz von teurem Edelstahl kann in diesem Fall verzichtet werden.\r\n<h2><a href=\"http:\/\/2024.eret-tortechnik.de\/wp-content\/uploads\/2014\/11\/IMG_1627-Bearbeitet.jpg\"><img class=\"wp-image-1677 alignleft\" src=\"http:\/\/2024.eret-tortechnik.de\/wp-content\/uploads\/2014\/11\/IMG_1627-Bearbeitet.jpg\" alt=\"Schnelllauftore Lebensmittel\" width=\"364\" height=\"395\" \/><\/a>Antrieb und Steuerung mit erh\u00f6hter Schutzklasse<\/h2>\r\nAntrieb und Steuerung erhalten eine h\u00f6here Schutzklasse (Meist IP65\/IP67). Reinigungsmittel k\u00f6nnten eine hochempflindliche Kontaktleiste besch\u00e4digen. Daher setzen wir konsequent ber\u00fchrungslos arbeitende Lichtgitter ein. Die Lichtgitter liegen verdeckt innerhalb der Seitenteile.\u00a0\u00a0Die Abdichtung zum Boden wird mittels einer speziellen Bodendichtung in grau oder gelber Warnfarbe\u00a0gew\u00e4hrleistet.\r\n<h2>Steuerschrank aus Edelstahl mit schr\u00e4gem Dachteil. Torblatt lebensmittelecht.<\/h2>\r\nDer Steuerschrank wird entweder au\u00dferhalb des \"Wash-Down\" Bereiches angebracht oder mit einem V2A Geh\u00e4use mit schr\u00e4gem Dach und Schutzart IP67 ausgef\u00fchrt. Das im Tor verwendete PES\/PVC ist lebensmittelecht.\r\n\r\nIm Tagesbetrieb wird das Schnelllauftor im Automatikbetieb f\u00fcr jede Durchfahrt bzw. Durchgang ge\u00f6ffnet und schnellstm\u00f6glich wieder geschlossen. F\u00fcr den Automatikbetrieb k\u00f6nnen alle g\u00e4ngigen Impulsgeber wie Bewegungsmelder, Induktionschleifen, Zugseilschalter usw. angeschlossen werden.\r\n<h2>Schnelles Schlie\u00dfen durch Raum\u00fcberwachung m\u00f6glich<\/h2>\r\nDa die Toranlagen zumeist selbstt\u00e4tig zulaufen, empfiehlt sich der Einsatz einer Raum\u00fcberwachung als Personen- und Sachschutz.\r\nAuf Wunsch stehen zahlreiche Zusatzausstattungen zur Verf\u00fcgung. So k\u00f6nnen die Tore genau an die jeweiligen Gegebenheiten angepasst werden.\r\n\r\n&nbsp;\r\n<h6 style=\"text-align: center;\"><\/h6>","_et_gb_content_width":"","footnotes":""},"class_list":["post-849","page","type-page","status-publish","hentry"],"acf":[],"yoast_head":"<!-- This site is optimized with the Yoast SEO plugin v26.8 - https:\/\/yoast.com\/product\/yoast-seo-wordpress\/ -->\n<title>Lebensmitteltore - ProLine und AluLine Schnelllauftore<\/title>\n<meta name=\"robots\" content=\"index, follow, max-snippet:-1, max-image-preview:large, max-video-preview:-1\" \/>\n<link rel=\"canonical\" href=\"https:\/\/2024.eret-tortechnik.de\/nl\/anwendungsgebiete_schnelllauftore\/lebensmitteltore\/\" \/>\n<meta property=\"og:locale\" content=\"nl_NL\" \/>\n<meta property=\"og:type\" content=\"article\" \/>\n<meta property=\"og:title\" content=\"Lebensmitteltore - ProLine und AluLine Schnelllauftore\" \/>\n<meta property=\"og:description\" content=\". ProLine Schnelllauftor PSE-M Ausstattung &quot;FOOD&quot; Das Schnelllauftor f\u00fcr die Lebensmittel-Produktion &nbsp; &nbsp; Laufgeschwindigkeit (\u00d6ffnen) 1,7 \u00a0oder 2,9 m\/sek. (V\/max) Laufgeschwindigkeit (Schlie\u00dfen) 0,8\u00a0m\/sek. Freitragende Torkonstruktion. Nicht h\u00e4ngend. F\u00fcr Panelw\u00e4nde geeignet ja - serienm\u00e4\u00dfig Ber\u00fchrungslose Torsicherheit bis H 2500 mm (Lichtgitter) ja - serienm\u00e4\u00dfig Sichtfenster auf voller Torbreite ja - serienm\u00e4\u00dfig Alle Oberfl\u00e4chen Alu eloxiert E6EV1 [&hellip;]\" \/>\n<meta property=\"og:url\" content=\"https:\/\/2024.eret-tortechnik.de\/nl\/anwendungsgebiete_schnelllauftore\/lebensmitteltore\/\" \/>\n<meta property=\"og:site_name\" content=\"ProLine und AluLine Schnelllauftore\" \/>\n<meta property=\"article:publisher\" content=\"https:\/\/www.facebook.com\/SchwaebischeTormanufaktur\" \/>\n<meta property=\"article:modified_time\" content=\"2021-03-05T09:35:37+00:00\" \/>\n<meta property=\"og:image\" content=\"http:\/\/2024.eret-tortechnik.de\/wp-content\/uploads\/2015\/01\/model_food-300x300.jpg\" \/>\n<meta name=\"twitter:card\" content=\"summary_large_image\" \/>\n<meta name=\"twitter:label1\" content=\"Est. reading time\" \/>\n\t<meta name=\"twitter:data1\" content=\"3 minutes\" \/>\n<script type=\"application\/ld+json\" class=\"yoast-schema-graph\">{\"@context\":\"https:\/\/schema.org\",\"@graph\":[{\"@type\":\"WebPage\",\"@id\":\"https:\/\/2024.eret-tortechnik.de\/nl\/anwendungsgebiete_schnelllauftore\/lebensmitteltore\/\",\"url\":\"https:\/\/2024.eret-tortechnik.de\/nl\/anwendungsgebiete_schnelllauftore\/lebensmitteltore\/\",\"name\":\"Lebensmitteltore - ProLine und AluLine Schnelllauftore\",\"isPartOf\":{\"@id\":\"https:\/\/2024.eret-tortechnik.de\/#website\"},\"primaryImageOfPage\":{\"@id\":\"https:\/\/2024.eret-tortechnik.de\/nl\/anwendungsgebiete_schnelllauftore\/lebensmitteltore\/#primaryimage\"},\"image\":{\"@id\":\"https:\/\/2024.eret-tortechnik.de\/nl\/anwendungsgebiete_schnelllauftore\/lebensmitteltore\/#primaryimage\"},\"thumbnailUrl\":\"http:\/\/2024.eret-tortechnik.de\/wp-content\/uploads\/2015\/01\/model_food-300x300.jpg\",\"datePublished\":\"2014-07-30T17:52:21+00:00\",\"dateModified\":\"2021-03-05T09:35:37+00:00\",\"breadcrumb\":{\"@id\":\"https:\/\/2024.eret-tortechnik.de\/nl\/anwendungsgebiete_schnelllauftore\/lebensmitteltore\/#breadcrumb\"},\"inLanguage\":\"nl-NL-formal\",\"potentialAction\":[{\"@type\":\"ReadAction\",\"target\":[\"https:\/\/2024.eret-tortechnik.de\/nl\/anwendungsgebiete_schnelllauftore\/lebensmitteltore\/\"]}]},{\"@type\":\"ImageObject\",\"inLanguage\":\"nl-NL-formal\",\"@id\":\"https:\/\/2024.eret-tortechnik.de\/nl\/anwendungsgebiete_schnelllauftore\/lebensmitteltore\/#primaryimage\",\"url\":\"http:\/\/2024.eret-tortechnik.de\/wp-content\/uploads\/2015\/01\/model_food-300x300.jpg\",\"contentUrl\":\"http:\/\/2024.eret-tortechnik.de\/wp-content\/uploads\/2015\/01\/model_food-300x300.jpg\"},{\"@type\":\"BreadcrumbList\",\"@id\":\"https:\/\/2024.eret-tortechnik.de\/nl\/anwendungsgebiete_schnelllauftore\/lebensmitteltore\/#breadcrumb\",\"itemListElement\":[{\"@type\":\"ListItem\",\"position\":1,\"name\":\"Startseite\",\"item\":\"https:\/\/2024.eret-tortechnik.de\/\"},{\"@type\":\"ListItem\",\"position\":2,\"name\":\"Anwendungsgebiete\",\"item\":\"https:\/\/2024.eret-tortechnik.de\/nl\/anwendungsgebiete_schnelllauftore\/\"},{\"@type\":\"ListItem\",\"position\":3,\"name\":\"Lebensmitteltore\"}]},{\"@type\":\"WebSite\",\"@id\":\"https:\/\/2024.eret-tortechnik.de\/#website\",\"url\":\"https:\/\/2024.eret-tortechnik.de\/\",\"name\":\"ProLine und AluLine Schnelllauftore\",\"description\":\"Alu-Schnelllauftore  |  flexible Schnelllauftore  |  Design Rolltore  |  individueller Torbau\",\"publisher\":{\"@id\":\"https:\/\/2024.eret-tortechnik.de\/#organization\"},\"potentialAction\":[{\"@type\":\"SearchAction\",\"target\":{\"@type\":\"EntryPoint\",\"urlTemplate\":\"https:\/\/2024.eret-tortechnik.de\/?s={search_term_string}\"},\"query-input\":{\"@type\":\"PropertyValueSpecification\",\"valueRequired\":true,\"valueName\":\"search_term_string\"}}],\"inLanguage\":\"nl-NL-formal\"},{\"@type\":\"Organization\",\"@id\":\"https:\/\/2024.eret-tortechnik.de\/#organization\",\"name\":\"ERET-Tortechnik GmbH - Schnelllauftore\",\"url\":\"https:\/\/2024.eret-tortechnik.de\/\",\"logo\":{\"@type\":\"ImageObject\",\"inLanguage\":\"nl-NL-formal\",\"@id\":\"https:\/\/2024.eret-tortechnik.de\/#\/schema\/logo\/image\/\",\"url\":\"https:\/\/eret-tortechnik.de\/wp-content\/uploads\/2020\/12\/cropped-eret-logo-500-min.jpg\",\"contentUrl\":\"https:\/\/eret-tortechnik.de\/wp-content\/uploads\/2020\/12\/cropped-eret-logo-500-min.jpg\",\"width\":512,\"height\":512,\"caption\":\"ERET-Tortechnik GmbH - Schnelllauftore\"},\"image\":{\"@id\":\"https:\/\/2024.eret-tortechnik.de\/#\/schema\/logo\/image\/\"},\"sameAs\":[\"https:\/\/www.facebook.com\/SchwaebischeTormanufaktur\"]}]}<\/script>\n<!-- \/ Yoast SEO plugin. -->","yoast_head_json":{"title":"Lebensmitteltore - ProLine und AluLine Schnelllauftore","robots":{"index":"index","follow":"follow","max-snippet":"max-snippet:-1","max-image-preview":"max-image-preview:large","max-video-preview":"max-video-preview:-1"},"canonical":"https:\/\/2024.eret-tortechnik.de\/nl\/anwendungsgebiete_schnelllauftore\/lebensmitteltore\/","og_locale":"nl_NL","og_type":"article","og_title":"Lebensmitteltore - ProLine und AluLine Schnelllauftore","og_description":". ProLine Schnelllauftor PSE-M Ausstattung \"FOOD\" Das Schnelllauftor f\u00fcr die Lebensmittel-Produktion &nbsp; &nbsp; Laufgeschwindigkeit (\u00d6ffnen) 1,7 \u00a0oder 2,9 m\/sek. (V\/max) Laufgeschwindigkeit (Schlie\u00dfen) 0,8\u00a0m\/sek. Freitragende Torkonstruktion. Nicht h\u00e4ngend. F\u00fcr Panelw\u00e4nde geeignet ja - serienm\u00e4\u00dfig Ber\u00fchrungslose Torsicherheit bis H 2500 mm (Lichtgitter) ja - serienm\u00e4\u00dfig Sichtfenster auf voller Torbreite ja - serienm\u00e4\u00dfig Alle Oberfl\u00e4chen Alu eloxiert E6EV1 [&hellip;]","og_url":"https:\/\/2024.eret-tortechnik.de\/nl\/anwendungsgebiete_schnelllauftore\/lebensmitteltore\/","og_site_name":"ProLine und AluLine Schnelllauftore","article_publisher":"https:\/\/www.facebook.com\/SchwaebischeTormanufaktur","article_modified_time":"2021-03-05T09:35:37+00:00","og_image":[{"url":"http:\/\/2024.eret-tortechnik.de\/wp-content\/uploads\/2015\/01\/model_food-300x300.jpg","type":"","width":"","height":""}],"twitter_card":"summary_large_image","twitter_misc":{"Est. reading time":"3 minutes"},"schema":{"@context":"https:\/\/schema.org","@graph":[{"@type":"WebPage","@id":"https:\/\/2024.eret-tortechnik.de\/nl\/anwendungsgebiete_schnelllauftore\/lebensmitteltore\/","url":"https:\/\/2024.eret-tortechnik.de\/nl\/anwendungsgebiete_schnelllauftore\/lebensmitteltore\/","name":"Lebensmitteltore - ProLine und AluLine Schnelllauftore","isPartOf":{"@id":"https:\/\/2024.eret-tortechnik.de\/#website"},"primaryImageOfPage":{"@id":"https:\/\/2024.eret-tortechnik.de\/nl\/anwendungsgebiete_schnelllauftore\/lebensmitteltore\/#primaryimage"},"image":{"@id":"https:\/\/2024.eret-tortechnik.de\/nl\/anwendungsgebiete_schnelllauftore\/lebensmitteltore\/#primaryimage"},"thumbnailUrl":"http:\/\/2024.eret-tortechnik.de\/wp-content\/uploads\/2015\/01\/model_food-300x300.jpg","datePublished":"2014-07-30T17:52:21+00:00","dateModified":"2021-03-05T09:35:37+00:00","breadcrumb":{"@id":"https:\/\/2024.eret-tortechnik.de\/nl\/anwendungsgebiete_schnelllauftore\/lebensmitteltore\/#breadcrumb"},"inLanguage":"nl-NL-formal","potentialAction":[{"@type":"ReadAction","target":["https:\/\/2024.eret-tortechnik.de\/nl\/anwendungsgebiete_schnelllauftore\/lebensmitteltore\/"]}]},{"@type":"ImageObject","inLanguage":"nl-NL-formal","@id":"https:\/\/2024.eret-tortechnik.de\/nl\/anwendungsgebiete_schnelllauftore\/lebensmitteltore\/#primaryimage","url":"http:\/\/2024.eret-tortechnik.de\/wp-content\/uploads\/2015\/01\/model_food-300x300.jpg","contentUrl":"http:\/\/2024.eret-tortechnik.de\/wp-content\/uploads\/2015\/01\/model_food-300x300.jpg"},{"@type":"BreadcrumbList","@id":"https:\/\/2024.eret-tortechnik.de\/nl\/anwendungsgebiete_schnelllauftore\/lebensmitteltore\/#breadcrumb","itemListElement":[{"@type":"ListItem","position":1,"name":"Startseite","item":"https:\/\/2024.eret-tortechnik.de\/"},{"@type":"ListItem","position":2,"name":"Anwendungsgebiete","item":"https:\/\/2024.eret-tortechnik.de\/nl\/anwendungsgebiete_schnelllauftore\/"},{"@type":"ListItem","position":3,"name":"Lebensmitteltore"}]},{"@type":"WebSite","@id":"https:\/\/2024.eret-tortechnik.de\/#website","url":"https:\/\/2024.eret-tortechnik.de\/","name":"ProLine und AluLine Schnelllauftore","description":"Alu-Schnelllauftore  |  flexible Schnelllauftore  |  Design Rolltore  |  individueller Torbau","publisher":{"@id":"https:\/\/2024.eret-tortechnik.de\/#organization"},"potentialAction":[{"@type":"SearchAction","target":{"@type":"EntryPoint","urlTemplate":"https:\/\/2024.eret-tortechnik.de\/?s={search_term_string}"},"query-input":{"@type":"PropertyValueSpecification","valueRequired":true,"valueName":"search_term_string"}}],"inLanguage":"nl-NL-formal"},{"@type":"Organization","@id":"https:\/\/2024.eret-tortechnik.de\/#organization","name":"ERET-Tortechnik GmbH - Schnelllauftore","url":"https:\/\/2024.eret-tortechnik.de\/","logo":{"@type":"ImageObject","inLanguage":"nl-NL-formal","@id":"https:\/\/2024.eret-tortechnik.de\/#\/schema\/logo\/image\/","url":"https:\/\/eret-tortechnik.de\/wp-content\/uploads\/2020\/12\/cropped-eret-logo-500-min.jpg","contentUrl":"https:\/\/eret-tortechnik.de\/wp-content\/uploads\/2020\/12\/cropped-eret-logo-500-min.jpg","width":512,"height":512,"caption":"ERET-Tortechnik GmbH - Schnelllauftore"},"image":{"@id":"https:\/\/2024.eret-tortechnik.de\/#\/schema\/logo\/image\/"},"sameAs":["https:\/\/www.facebook.com\/SchwaebischeTormanufaktur"]}]}},"_links":{"self":[{"href":"https:\/\/2024.eret-tortechnik.de\/nl\/wp-json\/wp\/v2\/pages\/849","targetHints":{"allow":["GET"]}}],"collection":[{"href":"https:\/\/2024.eret-tortechnik.de\/nl\/wp-json\/wp\/v2\/pages"}],"about":[{"href":"https:\/\/2024.eret-tortechnik.de\/nl\/wp-json\/wp\/v2\/types\/page"}],"author":[{"embeddable":true,"href":"https:\/\/2024.eret-tortechnik.de\/nl\/wp-json\/wp\/v2\/users\/9"}],"replies":[{"embeddable":true,"href":"https:\/\/2024.eret-tortechnik.de\/nl\/wp-json\/wp\/v2\/comments?post=849"}],"version-history":[{"count":0,"href":"https:\/\/2024.eret-tortechnik.de\/nl\/wp-json\/wp\/v2\/pages\/849\/revisions"}],"up":[{"embeddable":true,"href":"https:\/\/2024.eret-tortechnik.de\/nl\/wp-json\/wp\/v2\/pages\/825"}],"wp:attachment":[{"href":"https:\/\/2024.eret-tortechnik.de\/nl\/wp-json\/wp\/v2\/media?parent=849"}],"curies":[{"name":"wp","href":"https:\/\/api.w.org\/{rel}","templated":true}]}}