{"id":2539,"date":"2015-02-07T12:56:53","date_gmt":"2015-02-07T10:56:53","guid":{"rendered":"http:\/\/2024.eret-tortechnik.de\/wordpress_2020\/?page_id=2539"},"modified":"2021-03-04T12:47:47","modified_gmt":"2021-03-04T10:47:47","slug":"schnelllauftore-wind","status":"publish","type":"page","link":"https:\/\/2024.eret-tortechnik.de\/nl\/schnelllauftore-wind\/","title":{"rendered":"Schnelllauftore Windschutz\u00a0"},"content":{"rendered":"<p>[et_pb_section admin_label=&#8220;section&#8220;]<br \/>\n\t\t\t[et_pb_row admin_label=&#8220;row&#8220;]<br \/>\n\t\t\t\t[et_pb_column type=&#8220;4_4&#8243;][et_pb_text admin_label=&#8220;Text&#8220;]&nbsp;<\/p>\n<h1>ERET Schnelllauftore<\/h1>\n<h1>Zusatzausstattung Windschutz f\u00fcr PSE-S Modelle<\/h1>\n<p><img loading=\"lazy\" decoding=\"async\" class=\"alignleft wp-image-2281\" src=\"http:\/\/2024.eret-tortechnik.de\/wp-content\/uploads\/2015\/01\/paktet_windschutz-300x300.jpg\" alt=\"paktet_windschutz\" width=\"206\" height=\"206\" srcset=\"https:\/\/2024.eret-tortechnik.de\/wp-content\/uploads\/2015\/01\/paktet_windschutz.jpg 300w, https:\/\/2024.eret-tortechnik.de\/wp-content\/uploads\/2015\/01\/paktet_windschutz-150x150.jpg 150w\" sizes=\"(max-width: 206px) 100vw, 206px\" \/><\/p>\n<table>\n<tbody>\n<tr>\n<td style=\"text-align: left;\">\n<p style=\"text-align: center;\"><span style=\"color: #000000;\">Sonder-Ausstattung f\u00fcr Au\u00dfenmontage\u00a0beinhaltet:<\/span><\/p>\n<ul>\n<li style=\"text-align: left;\"><span style=\"color: #000000;\">F\u00fchrungsschienen mit Gleitschienen aus hochverdichtetem PE Kunstoff<\/span><\/li>\n<li style=\"text-align: left;\"><span style=\"color: #000000;\">GFK-Windsicherungen zur Entlastung innerhalb des Torblattes<\/span><\/li>\n<li style=\"text-align: left;\"><span style=\"color: #000000;\">Kugellager-Strumrollen mit Gleitklotz-F\u00fchrungen gegen Verkanten und verst\u00e4rkten Kugellagern<\/span><\/li>\n<li style=\"text-align: left;\"><span style=\"color: #000000;\">Verst\u00e4rkter Crash an der Unterschiene mit PE-F\u00fchrungen<\/span><\/li>\n<li style=\"text-align: left;\"><span style=\"color: #000000;\">erh\u00f6he Torblattspannung an der Unterschiene<\/span><\/li>\n<li style=\"text-align: left;\"><span style=\"color: #000000;\">B\u00fcrstenleiste im Sturz zur Abdichtung an das Geb\u00e4ude<\/span><\/li>\n<\/ul>\n<\/td>\n<\/tr>\n<\/tbody>\n<\/table>\n<p style=\"padding-left: 210px;\"><span style=\"color: #000000;\">Kombinierbar mit:<\/span><\/p>\n<p style=\"padding-left: 210px;\"><span style=\"color: #000000;\"><a href=\"http:\/\/2024.eret-tortechnik.de\/anwendungsgebiete_schnelllauftore\/lebensmitteltore\/\"><img loading=\"lazy\" decoding=\"async\" class=\"alignnone wp-image-2254\" src=\"http:\/\/2024.eret-tortechnik.de\/wp-content\/uploads\/2015\/01\/modell_food-150x150.jpg\" alt=\"modell_food\" width=\"100\" height=\"100\" \/><\/a>\u00a0<a href=\"http:\/\/2024.eret-tortechnik.de\/vorfeldabsicherung-schnelllauftore\/\"><img loading=\"lazy\" decoding=\"async\" class=\"alignnone wp-image-2272\" src=\"http:\/\/2024.eret-tortechnik.de\/wp-content\/uploads\/2015\/01\/ausstattung_vorfeldsicherung-300x300.jpg\" alt=\"ausstattung_vorfeldsicherung\" width=\"100\" height=\"100\" srcset=\"https:\/\/2024.eret-tortechnik.de\/wp-content\/uploads\/2015\/01\/ausstattung_vorfeldsicherung.jpg 300w, https:\/\/2024.eret-tortechnik.de\/wp-content\/uploads\/2015\/01\/ausstattung_vorfeldsicherung-150x150.jpg 150w\" sizes=\"(max-width: 100px) 100vw, 100px\" \/><\/a>\u00a0<a href=\"http:\/\/2024.eret-tortechnik.de\/vorfeldabsicherung-plus-fuer-schnelllauftore\/\"><img loading=\"lazy\" decoding=\"async\" class=\"alignnone wp-image-2295\" src=\"http:\/\/2024.eret-tortechnik.de\/wp-content\/uploads\/2015\/01\/vorfeldsicherung_plus-150x150.jpg\" alt=\"vorfeldsicherung_plus\" width=\"100\" height=\"100\" srcset=\"https:\/\/2024.eret-tortechnik.de\/wp-content\/uploads\/2015\/01\/vorfeldsicherung_plus-150x150.jpg 150w, https:\/\/2024.eret-tortechnik.de\/wp-content\/uploads\/2015\/01\/vorfeldsicherung_plus.jpg 300w\" sizes=\"(max-width: 100px) 100vw, 100px\" \/><\/a>\u00a0<img loading=\"lazy\" decoding=\"async\" class=\"alignnone wp-image-2423\" src=\"http:\/\/2024.eret-tortechnik.de\/wp-content\/uploads\/2015\/01\/modell_industrie-300x300.jpg\" alt=\"modell_industrie\" width=\"100\" height=\"100\" srcset=\"https:\/\/2024.eret-tortechnik.de\/wp-content\/uploads\/2015\/01\/modell_industrie.jpg 300w, https:\/\/2024.eret-tortechnik.de\/wp-content\/uploads\/2015\/01\/modell_industrie-150x150.jpg 150w\" sizes=\"(max-width: 100px) 100vw, 100px\" \/>\u00a0<a href=\"http:\/\/2024.eret-tortechnik.de\/schnelllauftore-hallentore-aussen\/\"><img loading=\"lazy\" decoding=\"async\" class=\"alignnone wp-image-2307 size-medium\" src=\"http:\/\/2024.eret-tortechnik.de\/wp-content\/uploads\/2015\/01\/aussen_montage-300x300.jpg\" alt=\"aussen_montage\" width=\"100\" height=\"100\" srcset=\"https:\/\/2024.eret-tortechnik.de\/wp-content\/uploads\/2015\/01\/aussen_montage.jpg 300w, https:\/\/2024.eret-tortechnik.de\/wp-content\/uploads\/2015\/01\/aussen_montage-150x150.jpg 150w\" sizes=\"(max-width: 100px) 100vw, 100px\" \/><\/a><\/span><\/p>\n<table>\n<tbody>\n<tr>\n<td><span style=\"color: #000000;\">\u00a0<\/span><\/td>\n<td style=\"text-align: left;\">\n<h1>f\u00fcr Schnelllauftore<br \/>\n<a href=\"http:\/\/2024.eret-tortechnik.de\/schnelllauftor-pse-s\/\">\u21d2ProLine PSE-S<\/a><\/h1>\n<\/td>\n<td><span style=\"color: #000000;\">\u00a0<\/span><\/td>\n<td><span style=\"color: #000000;\">\u00a0<\/span><\/td>\n<\/tr>\n<tr>\n<td><span style=\"color: #000000;\">\u00a0<\/span><\/td>\n<td style=\"text-align: left;\"><span style=\"color: #000000;\">Edelstahl-Windsicherungen innerhalb des Torblattes mit<\/span><br \/>\n<span style=\"color: #000000;\"> Kugellager-Sturmrollen und Gleitst\u00fccken zur sicheren, verkantungsfreien<\/span><br \/>\n<span style=\"color: #000000;\"> F\u00fchrung des Torblattes selbst unter Sturm<\/span><\/td>\n<td><span style=\"color: #000000;\"><img loading=\"lazy\" decoding=\"async\" class=\"alignnone size-medium wp-image-696\" src=\"http:\/\/2024.eret-tortechnik.de\/wp-content\/uploads\/2014\/06\/IMG_6926-300x199.jpg\" alt=\"IMG_6926\" width=\"300\" height=\"199\" srcset=\"https:\/\/2024.eret-tortechnik.de\/wp-content\/uploads\/2014\/06\/IMG_6926-300x199.jpg 300w, https:\/\/2024.eret-tortechnik.de\/wp-content\/uploads\/2014\/06\/IMG_6926.jpg 800w\" sizes=\"(max-width: 300px) 100vw, 300px\" \/><\/span><\/td>\n<td><span style=\"color: #000000;\">\u00a0<\/span><\/td>\n<\/tr>\n<tr>\n<td><span style=\"color: #000000;\">\u00a0<\/span><\/td>\n<td style=\"text-align: left;\"><span style=\"color: #000000;\">Erh\u00f6hte Torblattspannung an der Unterschiene mit<\/span><br \/>\n<span style=\"color: #000000;\"> wahlweise signalgelber oder grauer Abdichtung zum Boden.<\/span><\/td>\n<td><span style=\"color: #000000;\">\u00a0<img loading=\"lazy\" decoding=\"async\" class=\"alignnone size-full wp-image-2269\" src=\"http:\/\/2024.eret-tortechnik.de\/wp-content\/uploads\/2015\/01\/IMG_0020-2.jpg\" alt=\"Schnelllauftor mit Bodendichtung\" width=\"300\" height=\"400\" srcset=\"https:\/\/2024.eret-tortechnik.de\/wp-content\/uploads\/2015\/01\/IMG_0020-2.jpg 300w, https:\/\/2024.eret-tortechnik.de\/wp-content\/uploads\/2015\/01\/IMG_0020-2-225x300.jpg 225w\" sizes=\"(max-width: 300px) 100vw, 300px\" \/><\/span><\/td>\n<td><span style=\"color: #000000;\">\u00a0<\/span><\/td>\n<\/tr>\n<tr>\n<td><span style=\"color: #000000;\">\u00a0<\/span><\/td>\n<td style=\"text-align: left;\"><span style=\"color: #000000;\">Windsicherungen innerhalb des Torblattes f\u00fcr eine<\/span><br \/>\n<span style=\"color: #000000;\"> besonders glatte, saubere Anmutung und besonders ger\u00e4uscharmer<\/span><br \/>\n<span style=\"color: #000000;\"> Torlauf trotz der extremen Geschwindigkeit von 2,9 m\/sek!<\/span><\/td>\n<td><span style=\"color: #000000;\">\u00a0<img loading=\"lazy\" decoding=\"async\" class=\"alignnone wp-image-2441 size-full\" src=\"http:\/\/2024.eret-tortechnik.de\/wp-content\/uploads\/2014\/06\/IMG_6743.jpg\" alt=\"IMG_6743\" width=\"300\" height=\"225\" \/><\/span><\/td>\n<td><span style=\"color: #000000;\">\u00a0<\/span><\/td>\n<\/tr>\n<\/tbody>\n<\/table>\n<p>[\/et_pb_text][\/et_pb_column]<br \/>\n\t\t\t[\/et_pb_row]<br \/>\n\t\t[\/et_pb_section]<\/p>\n","protected":false},"excerpt":{"rendered":"<p>&nbsp; ERET Schnelllauftore Zusatzausstattung Windschutz f\u00fcr PSE-S Modelle Sonder-Ausstattung f\u00fcr Au\u00dfenmontage\u00a0beinhaltet: F\u00fchrungsschienen mit Gleitschienen aus hochverdichtetem PE Kunstoff GFK-Windsicherungen zur Entlastung innerhalb des Torblattes Kugellager-Strumrollen mit Gleitklotz-F\u00fchrungen gegen Verkanten und verst\u00e4rkten Kugellagern Verst\u00e4rkter Crash an der Unterschiene mit PE-F\u00fchrungen erh\u00f6he Torblattspannung an der Unterschiene B\u00fcrstenleiste im Sturz zur Abdichtung an das Geb\u00e4ude Kombinierbar mit: \u00a0\u00a0\u00a0\u00a0 [&hellip;]<\/p>\n","protected":false},"author":9,"featured_media":0,"parent":0,"menu_order":0,"comment_status":"closed","ping_status":"closed","template":"","meta":{"_acf_changed":false,"_et_pb_use_builder":"on","_et_pb_old_content":"&nbsp;\r\n<h1>ERET Schnelllauftore<\/h1>\r\n<h1>Zusatzausstattung Windschutz f\u00fcr PSE-S Modelle<\/h1>\r\n<img class=\"alignleft wp-image-2281\" src=\"http:\/\/2024.eret-tortechnik.de\/wp-content\/uploads\/2015\/01\/paktet_windschutz-300x300.jpg\" alt=\"paktet_windschutz\" width=\"206\" height=\"206\" \/>\r\n<table>\r\n<tbody>\r\n<tr>\r\n<td style=\"text-align: left;\">\r\n<p style=\"text-align: center;\"><span style=\"color: #000000;\">Sonder-Ausstattung f\u00fcr Au\u00dfenmontage\u00a0beinhaltet:<\/span><\/p>\r\n\r\n<ul>\r\n \t<li style=\"text-align: left;\"><span style=\"color: #000000;\">F\u00fchrungsschienen mit Gleitschienen aus hochverdichtetem PE Kunstoff<\/span><\/li>\r\n \t<li style=\"text-align: left;\"><span style=\"color: #000000;\">GFK-Windsicherungen zur Entlastung innerhalb des Torblattes<\/span><\/li>\r\n \t<li style=\"text-align: left;\"><span style=\"color: #000000;\">Kugellager-Strumrollen mit Gleitklotz-F\u00fchrungen gegen Verkanten und verst\u00e4rkten Kugellagern<\/span><\/li>\r\n \t<li style=\"text-align: left;\"><span style=\"color: #000000;\">Verst\u00e4rkter Crash an der Unterschiene mit PE-F\u00fchrungen<\/span><\/li>\r\n \t<li style=\"text-align: left;\"><span style=\"color: #000000;\">erh\u00f6he Torblattspannung an der Unterschiene<\/span><\/li>\r\n \t<li style=\"text-align: left;\"><span style=\"color: #000000;\">B\u00fcrstenleiste im Sturz zur Abdichtung an das Geb\u00e4ude<\/span><\/li>\r\n<\/ul>\r\n<\/td>\r\n<\/tr>\r\n<\/tbody>\r\n<\/table>\r\n<p style=\"padding-left: 210px;\"><span style=\"color: #000000;\">Kombinierbar mit:<\/span><\/p>\r\n<p style=\"padding-left: 210px;\"><span style=\"color: #000000;\"><a href=\"http:\/\/2024.eret-tortechnik.de\/anwendungsgebiete_schnelllauftore\/lebensmitteltore\/\"><img class=\"alignnone wp-image-2254\" src=\"http:\/\/2024.eret-tortechnik.de\/wp-content\/uploads\/2015\/01\/modell_food-150x150.jpg\" alt=\"modell_food\" width=\"100\" height=\"100\" \/><\/a>\u00a0<a href=\"http:\/\/2024.eret-tortechnik.de\/vorfeldabsicherung-schnelllauftore\/\"><img class=\"alignnone wp-image-2272\" src=\"http:\/\/2024.eret-tortechnik.de\/wp-content\/uploads\/2015\/01\/ausstattung_vorfeldsicherung-300x300.jpg\" alt=\"ausstattung_vorfeldsicherung\" width=\"100\" height=\"100\" \/><\/a>\u00a0<a href=\"http:\/\/2024.eret-tortechnik.de\/vorfeldabsicherung-plus-fuer-schnelllauftore\/\"><img class=\"alignnone wp-image-2295\" src=\"http:\/\/2024.eret-tortechnik.de\/wp-content\/uploads\/2015\/01\/vorfeldsicherung_plus-150x150.jpg\" alt=\"vorfeldsicherung_plus\" width=\"100\" height=\"100\" \/><\/a>\u00a0<img class=\"alignnone wp-image-2423\" src=\"http:\/\/2024.eret-tortechnik.de\/wp-content\/uploads\/2015\/01\/modell_industrie-300x300.jpg\" alt=\"modell_industrie\" width=\"100\" height=\"100\" \/>\u00a0<a href=\"http:\/\/2024.eret-tortechnik.de\/schnelllauftore-hallentore-aussen\/\"><img class=\"alignnone wp-image-2307 size-medium\" src=\"http:\/\/2024.eret-tortechnik.de\/wp-content\/uploads\/2015\/01\/aussen_montage-300x300.jpg\" alt=\"aussen_montage\" width=\"100\" height=\"100\" \/><\/a><\/span><\/p>\r\n\r\n<table>\r\n<tbody>\r\n<tr>\r\n<td><span style=\"color: #000000;\">\u00a0<\/span><\/td>\r\n<td style=\"text-align: left;\">\r\n<h1>f\u00fcr Schnelllauftore\r\n<a href=\"http:\/\/2024.eret-tortechnik.de\/schnelllauftor-pse-s\/\">\u21d2ProLine PSE-S<\/a><\/h1>\r\n<\/td>\r\n<td><span style=\"color: #000000;\">\u00a0<\/span><\/td>\r\n<td><span style=\"color: #000000;\">\u00a0<\/span><\/td>\r\n<\/tr>\r\n<tr>\r\n<td><span style=\"color: #000000;\">\u00a0<\/span><\/td>\r\n<td style=\"text-align: left;\"><span style=\"color: #000000;\">Edelstahl-Windsicherungen innerhalb des Torblattes mit<\/span>\r\n<span style=\"color: #000000;\"> Kugellager-Sturmrollen und Gleitst\u00fccken zur sicheren, verkantungsfreien<\/span>\r\n<span style=\"color: #000000;\"> F\u00fchrung des Torblattes selbst unter Sturm<\/span><\/td>\r\n<td><span style=\"color: #000000;\"><img class=\"alignnone size-medium wp-image-696\" src=\"http:\/\/2024.eret-tortechnik.de\/wp-content\/uploads\/2014\/06\/IMG_6926-300x199.jpg\" alt=\"IMG_6926\" width=\"300\" height=\"199\" \/><\/span><\/td>\r\n<td><span style=\"color: #000000;\">\u00a0<\/span><\/td>\r\n<\/tr>\r\n<tr>\r\n<td><span style=\"color: #000000;\">\u00a0<\/span><\/td>\r\n<td style=\"text-align: left;\"><span style=\"color: #000000;\">Erh\u00f6hte Torblattspannung an der Unterschiene mit<\/span>\r\n<span style=\"color: #000000;\"> wahlweise signalgelber oder grauer Abdichtung zum Boden.<\/span><\/td>\r\n<td><span style=\"color: #000000;\">\u00a0<img class=\"alignnone size-full wp-image-2269\" src=\"http:\/\/2024.eret-tortechnik.de\/wp-content\/uploads\/2015\/01\/IMG_0020-2.jpg\" alt=\"Schnelllauftor mit Bodendichtung\" width=\"300\" height=\"400\" \/><\/span><\/td>\r\n<td><span style=\"color: #000000;\">\u00a0<\/span><\/td>\r\n<\/tr>\r\n<tr>\r\n<td><span style=\"color: #000000;\">\u00a0<\/span><\/td>\r\n<td style=\"text-align: left;\"><span style=\"color: #000000;\">Windsicherungen innerhalb des Torblattes f\u00fcr eine<\/span>\r\n<span style=\"color: #000000;\"> besonders glatte, saubere Anmutung und besonders ger\u00e4uscharmer<\/span>\r\n<span style=\"color: #000000;\"> Torlauf trotz der extremen Geschwindigkeit von 2,9 m\/sek!<\/span><\/td>\r\n<td><span style=\"color: #000000;\">\u00a0<img class=\"alignnone wp-image-2441 size-full\" src=\"http:\/\/2024.eret-tortechnik.de\/wp-content\/uploads\/2014\/06\/IMG_6743.jpg\" alt=\"IMG_6743\" width=\"300\" height=\"225\" \/><\/span><\/td>\r\n<td><span style=\"color: #000000;\">\u00a0<\/span><\/td>\r\n<\/tr>\r\n<\/tbody>\r\n<\/table>","_et_gb_content_width":"","footnotes":""},"class_list":["post-2539","page","type-page","status-publish","hentry"],"acf":[],"yoast_head":"<!-- This site is optimized with the Yoast SEO plugin v26.8 - https:\/\/yoast.com\/product\/yoast-seo-wordpress\/ -->\n<title>Schnelllauftore Windschutz\u00a0 - ProLine und AluLine Schnelllauftore<\/title>\n<meta name=\"robots\" content=\"index, follow, max-snippet:-1, max-image-preview:large, max-video-preview:-1\" \/>\n<link rel=\"canonical\" href=\"https:\/\/2024.eret-tortechnik.de\/nl\/schnelllauftore-wind\/\" \/>\n<meta property=\"og:locale\" content=\"nl_NL\" \/>\n<meta property=\"og:type\" content=\"article\" \/>\n<meta property=\"og:title\" content=\"Schnelllauftore Windschutz\u00a0 - ProLine und AluLine Schnelllauftore\" \/>\n<meta property=\"og:description\" content=\"&nbsp; ERET Schnelllauftore Zusatzausstattung Windschutz f\u00fcr PSE-S Modelle Sonder-Ausstattung f\u00fcr Au\u00dfenmontage\u00a0beinhaltet: F\u00fchrungsschienen mit Gleitschienen aus hochverdichtetem PE Kunstoff GFK-Windsicherungen zur Entlastung innerhalb des Torblattes Kugellager-Strumrollen mit Gleitklotz-F\u00fchrungen gegen Verkanten und verst\u00e4rkten Kugellagern Verst\u00e4rkter Crash an der Unterschiene mit PE-F\u00fchrungen erh\u00f6he Torblattspannung an der Unterschiene B\u00fcrstenleiste im Sturz zur Abdichtung an das Geb\u00e4ude Kombinierbar mit: \u00a0\u00a0\u00a0\u00a0 [&hellip;]\" \/>\n<meta property=\"og:url\" content=\"https:\/\/2024.eret-tortechnik.de\/nl\/schnelllauftore-wind\/\" \/>\n<meta property=\"og:site_name\" content=\"ProLine und AluLine Schnelllauftore\" \/>\n<meta property=\"article:publisher\" content=\"https:\/\/www.facebook.com\/SchwaebischeTormanufaktur\" \/>\n<meta property=\"article:modified_time\" content=\"2021-03-04T10:47:47+00:00\" \/>\n<meta property=\"og:image\" content=\"http:\/\/2024.eret-tortechnik.de\/wp-content\/uploads\/2015\/01\/paktet_windschutz-300x300.jpg\" \/>\n<meta name=\"twitter:card\" content=\"summary_large_image\" \/>\n<meta name=\"twitter:label1\" content=\"Est. reading time\" \/>\n\t<meta name=\"twitter:data1\" content=\"1 minute\" \/>\n<script type=\"application\/ld+json\" class=\"yoast-schema-graph\">{\"@context\":\"https:\/\/schema.org\",\"@graph\":[{\"@type\":\"WebPage\",\"@id\":\"https:\/\/2024.eret-tortechnik.de\/schnelllauftore-wind\/\",\"url\":\"https:\/\/2024.eret-tortechnik.de\/schnelllauftore-wind\/\",\"name\":\"Schnelllauftore Windschutz\u00a0 - ProLine und AluLine Schnelllauftore\",\"isPartOf\":{\"@id\":\"https:\/\/2024.eret-tortechnik.de\/#website\"},\"primaryImageOfPage\":{\"@id\":\"https:\/\/2024.eret-tortechnik.de\/schnelllauftore-wind\/#primaryimage\"},\"image\":{\"@id\":\"https:\/\/2024.eret-tortechnik.de\/schnelllauftore-wind\/#primaryimage\"},\"thumbnailUrl\":\"http:\/\/2024.eret-tortechnik.de\/wp-content\/uploads\/2015\/01\/paktet_windschutz-300x300.jpg\",\"datePublished\":\"2015-02-07T10:56:53+00:00\",\"dateModified\":\"2021-03-04T10:47:47+00:00\",\"breadcrumb\":{\"@id\":\"https:\/\/2024.eret-tortechnik.de\/schnelllauftore-wind\/#breadcrumb\"},\"inLanguage\":\"nl-NL-formal\",\"potentialAction\":[{\"@type\":\"ReadAction\",\"target\":[\"https:\/\/2024.eret-tortechnik.de\/schnelllauftore-wind\/\"]}]},{\"@type\":\"ImageObject\",\"inLanguage\":\"nl-NL-formal\",\"@id\":\"https:\/\/2024.eret-tortechnik.de\/schnelllauftore-wind\/#primaryimage\",\"url\":\"http:\/\/2024.eret-tortechnik.de\/wp-content\/uploads\/2015\/01\/paktet_windschutz-300x300.jpg\",\"contentUrl\":\"http:\/\/2024.eret-tortechnik.de\/wp-content\/uploads\/2015\/01\/paktet_windschutz-300x300.jpg\"},{\"@type\":\"BreadcrumbList\",\"@id\":\"https:\/\/2024.eret-tortechnik.de\/schnelllauftore-wind\/#breadcrumb\",\"itemListElement\":[{\"@type\":\"ListItem\",\"position\":1,\"name\":\"Startseite\",\"item\":\"https:\/\/2024.eret-tortechnik.de\/\"},{\"@type\":\"ListItem\",\"position\":2,\"name\":\"Schnelllauftore Windschutz\u00a0\"}]},{\"@type\":\"WebSite\",\"@id\":\"https:\/\/2024.eret-tortechnik.de\/#website\",\"url\":\"https:\/\/2024.eret-tortechnik.de\/\",\"name\":\"ProLine und AluLine Schnelllauftore\",\"description\":\"Alu-Schnelllauftore  |  flexible Schnelllauftore  |  Design Rolltore  |  individueller Torbau\",\"publisher\":{\"@id\":\"https:\/\/2024.eret-tortechnik.de\/#organization\"},\"potentialAction\":[{\"@type\":\"SearchAction\",\"target\":{\"@type\":\"EntryPoint\",\"urlTemplate\":\"https:\/\/2024.eret-tortechnik.de\/?s={search_term_string}\"},\"query-input\":{\"@type\":\"PropertyValueSpecification\",\"valueRequired\":true,\"valueName\":\"search_term_string\"}}],\"inLanguage\":\"nl-NL-formal\"},{\"@type\":\"Organization\",\"@id\":\"https:\/\/2024.eret-tortechnik.de\/#organization\",\"name\":\"ERET-Tortechnik GmbH - Schnelllauftore\",\"url\":\"https:\/\/2024.eret-tortechnik.de\/\",\"logo\":{\"@type\":\"ImageObject\",\"inLanguage\":\"nl-NL-formal\",\"@id\":\"https:\/\/2024.eret-tortechnik.de\/#\/schema\/logo\/image\/\",\"url\":\"https:\/\/eret-tortechnik.de\/wp-content\/uploads\/2020\/12\/cropped-eret-logo-500-min.jpg\",\"contentUrl\":\"https:\/\/eret-tortechnik.de\/wp-content\/uploads\/2020\/12\/cropped-eret-logo-500-min.jpg\",\"width\":512,\"height\":512,\"caption\":\"ERET-Tortechnik GmbH - Schnelllauftore\"},\"image\":{\"@id\":\"https:\/\/2024.eret-tortechnik.de\/#\/schema\/logo\/image\/\"},\"sameAs\":[\"https:\/\/www.facebook.com\/SchwaebischeTormanufaktur\"]}]}<\/script>\n<!-- \/ Yoast SEO plugin. -->","yoast_head_json":{"title":"Schnelllauftore Windschutz\u00a0 - ProLine und AluLine Schnelllauftore","robots":{"index":"index","follow":"follow","max-snippet":"max-snippet:-1","max-image-preview":"max-image-preview:large","max-video-preview":"max-video-preview:-1"},"canonical":"https:\/\/2024.eret-tortechnik.de\/nl\/schnelllauftore-wind\/","og_locale":"nl_NL","og_type":"article","og_title":"Schnelllauftore Windschutz\u00a0 - ProLine und AluLine Schnelllauftore","og_description":"&nbsp; ERET Schnelllauftore Zusatzausstattung Windschutz f\u00fcr PSE-S Modelle Sonder-Ausstattung f\u00fcr Au\u00dfenmontage\u00a0beinhaltet: F\u00fchrungsschienen mit Gleitschienen aus hochverdichtetem PE Kunstoff GFK-Windsicherungen zur Entlastung innerhalb des Torblattes Kugellager-Strumrollen mit Gleitklotz-F\u00fchrungen gegen Verkanten und verst\u00e4rkten Kugellagern Verst\u00e4rkter Crash an der Unterschiene mit PE-F\u00fchrungen erh\u00f6he Torblattspannung an der Unterschiene B\u00fcrstenleiste im Sturz zur Abdichtung an das Geb\u00e4ude Kombinierbar mit: \u00a0\u00a0\u00a0\u00a0 [&hellip;]","og_url":"https:\/\/2024.eret-tortechnik.de\/nl\/schnelllauftore-wind\/","og_site_name":"ProLine und AluLine Schnelllauftore","article_publisher":"https:\/\/www.facebook.com\/SchwaebischeTormanufaktur","article_modified_time":"2021-03-04T10:47:47+00:00","og_image":[{"url":"http:\/\/2024.eret-tortechnik.de\/wp-content\/uploads\/2015\/01\/paktet_windschutz-300x300.jpg","type":"","width":"","height":""}],"twitter_card":"summary_large_image","twitter_misc":{"Est. reading time":"1 minute"},"schema":{"@context":"https:\/\/schema.org","@graph":[{"@type":"WebPage","@id":"https:\/\/2024.eret-tortechnik.de\/schnelllauftore-wind\/","url":"https:\/\/2024.eret-tortechnik.de\/schnelllauftore-wind\/","name":"Schnelllauftore Windschutz\u00a0 - ProLine und AluLine Schnelllauftore","isPartOf":{"@id":"https:\/\/2024.eret-tortechnik.de\/#website"},"primaryImageOfPage":{"@id":"https:\/\/2024.eret-tortechnik.de\/schnelllauftore-wind\/#primaryimage"},"image":{"@id":"https:\/\/2024.eret-tortechnik.de\/schnelllauftore-wind\/#primaryimage"},"thumbnailUrl":"http:\/\/2024.eret-tortechnik.de\/wp-content\/uploads\/2015\/01\/paktet_windschutz-300x300.jpg","datePublished":"2015-02-07T10:56:53+00:00","dateModified":"2021-03-04T10:47:47+00:00","breadcrumb":{"@id":"https:\/\/2024.eret-tortechnik.de\/schnelllauftore-wind\/#breadcrumb"},"inLanguage":"nl-NL-formal","potentialAction":[{"@type":"ReadAction","target":["https:\/\/2024.eret-tortechnik.de\/schnelllauftore-wind\/"]}]},{"@type":"ImageObject","inLanguage":"nl-NL-formal","@id":"https:\/\/2024.eret-tortechnik.de\/schnelllauftore-wind\/#primaryimage","url":"http:\/\/2024.eret-tortechnik.de\/wp-content\/uploads\/2015\/01\/paktet_windschutz-300x300.jpg","contentUrl":"http:\/\/2024.eret-tortechnik.de\/wp-content\/uploads\/2015\/01\/paktet_windschutz-300x300.jpg"},{"@type":"BreadcrumbList","@id":"https:\/\/2024.eret-tortechnik.de\/schnelllauftore-wind\/#breadcrumb","itemListElement":[{"@type":"ListItem","position":1,"name":"Startseite","item":"https:\/\/2024.eret-tortechnik.de\/"},{"@type":"ListItem","position":2,"name":"Schnelllauftore Windschutz\u00a0"}]},{"@type":"WebSite","@id":"https:\/\/2024.eret-tortechnik.de\/#website","url":"https:\/\/2024.eret-tortechnik.de\/","name":"ProLine und AluLine Schnelllauftore","description":"Alu-Schnelllauftore  |  flexible Schnelllauftore  |  Design Rolltore  |  individueller Torbau","publisher":{"@id":"https:\/\/2024.eret-tortechnik.de\/#organization"},"potentialAction":[{"@type":"SearchAction","target":{"@type":"EntryPoint","urlTemplate":"https:\/\/2024.eret-tortechnik.de\/?s={search_term_string}"},"query-input":{"@type":"PropertyValueSpecification","valueRequired":true,"valueName":"search_term_string"}}],"inLanguage":"nl-NL-formal"},{"@type":"Organization","@id":"https:\/\/2024.eret-tortechnik.de\/#organization","name":"ERET-Tortechnik GmbH - Schnelllauftore","url":"https:\/\/2024.eret-tortechnik.de\/","logo":{"@type":"ImageObject","inLanguage":"nl-NL-formal","@id":"https:\/\/2024.eret-tortechnik.de\/#\/schema\/logo\/image\/","url":"https:\/\/eret-tortechnik.de\/wp-content\/uploads\/2020\/12\/cropped-eret-logo-500-min.jpg","contentUrl":"https:\/\/eret-tortechnik.de\/wp-content\/uploads\/2020\/12\/cropped-eret-logo-500-min.jpg","width":512,"height":512,"caption":"ERET-Tortechnik GmbH - Schnelllauftore"},"image":{"@id":"https:\/\/2024.eret-tortechnik.de\/#\/schema\/logo\/image\/"},"sameAs":["https:\/\/www.facebook.com\/SchwaebischeTormanufaktur"]}]}},"_links":{"self":[{"href":"https:\/\/2024.eret-tortechnik.de\/nl\/wp-json\/wp\/v2\/pages\/2539","targetHints":{"allow":["GET"]}}],"collection":[{"href":"https:\/\/2024.eret-tortechnik.de\/nl\/wp-json\/wp\/v2\/pages"}],"about":[{"href":"https:\/\/2024.eret-tortechnik.de\/nl\/wp-json\/wp\/v2\/types\/page"}],"author":[{"embeddable":true,"href":"https:\/\/2024.eret-tortechnik.de\/nl\/wp-json\/wp\/v2\/users\/9"}],"replies":[{"embeddable":true,"href":"https:\/\/2024.eret-tortechnik.de\/nl\/wp-json\/wp\/v2\/comments?post=2539"}],"version-history":[{"count":0,"href":"https:\/\/2024.eret-tortechnik.de\/nl\/wp-json\/wp\/v2\/pages\/2539\/revisions"}],"wp:attachment":[{"href":"https:\/\/2024.eret-tortechnik.de\/nl\/wp-json\/wp\/v2\/media?parent=2539"}],"curies":[{"name":"wp","href":"https:\/\/api.w.org\/{rel}","templated":true}]}}