{"id":2329,"date":"2015-01-30T18:51:39","date_gmt":"2015-01-30T16:51:39","guid":{"rendered":"http:\/\/2024.eret-tortechnik.de\/wordpress_2020\/?page_id=2329"},"modified":"2021-04-12T11:57:21","modified_gmt":"2021-04-12T09:57:21","slug":"schnelllauftor-pse-m","status":"publish","type":"page","link":"https:\/\/2024.eret-tortechnik.de\/nl\/schnelllauftor-pse-m\/","title":{"rendered":"Schnelllauftor PSE-M"},"content":{"rendered":"<p>[et_pb_section fb_built=&#8220;1&#8243; admin_label=&#8220;section&#8220; _builder_version=&#8220;3.22&#8243;][et_pb_row admin_label=&#8220;row&#8220; _builder_version=&#8220;3.25&#8243; background_size=&#8220;initial&#8220; background_position=&#8220;top_left&#8220; background_repeat=&#8220;repeat&#8220;][et_pb_column type=&#8220;4_4&#8243; _builder_version=&#8220;3.25&#8243; custom_padding=&#8220;|||&#8220; custom_padding__hover=&#8220;|||&#8220;][et_pb_text admin_label=&#8220;Text&#8220; _builder_version=&#8220;4.9.0&#8243; background_size=&#8220;initial&#8220; background_position=&#8220;top_left&#8220; background_repeat=&#8220;repeat&#8220; hover_enabled=&#8220;0&#8243; sticky_enabled=&#8220;0&#8243;]<\/p>\n<h1>ProLine Schnelllauftor PSE-M<\/h1>\n<h2>mittelschwere Ausf\u00fchrung f\u00fcr Innen- und Au\u00dfenmontage<\/h2>\n<p>Das Tor \u00f6ffnet mit 1,7 m\/sek (V\/max) und schlie\u00dft mit 0,8 m\/sek. Es erf\u00fcllt die Windklasse 3 und kann somit uneingeschr\u00e4nkt im Au\u00dfenbereich verwendet werden.<\/p>\n<h2>Ausstattung &#8222;Industrie&#8220;&nbsp;serienm\u00e4\u00dfig incl. Anti-Crash<\/h2>\n<p>Das ProLine ist das Standardtor aus der Professional Baureihe. Serienm\u00e4\u00dfig wird die Ausstattung Industrie angeboten. Diese Ausstattung beinhaltet horizontale Torblattspannung, Anti-Crash Unterteil, Lichtgitter f\u00fcr ber\u00fchrungslose Sicherheit und einen Frequenz-Antrieb mit Sanft-Anlauf und Sanft-Stopp f\u00fcr den besonders schonenden Torbetrieb.<\/p>\n<table>\n<tbody>\n<tr>\n<td><img loading=\"lazy\" decoding=\"async\" class=\"aligncenter wp-image-2321\" src=\"http:\/\/2024.eret-tortechnik.de\/wp-content\/uploads\/2015\/01\/Modell_pse_m1-300x300.jpg\" alt=\"Modell_pse_m\" width=\"199\" height=\"199\" srcset=\"https:\/\/2024.eret-tortechnik.de\/wp-content\/uploads\/2015\/01\/Modell_pse_m1.jpg 300w, https:\/\/2024.eret-tortechnik.de\/wp-content\/uploads\/2015\/01\/Modell_pse_m1-150x150.jpg 150w\" sizes=\"(max-width: 199px) 100vw, 199px\" \/><\/td>\n<td>\n<h1><\/h1>\n<h1 style=\"text-align: center;\"><\/h1>\n<\/td>\n<td><\/td>\n<\/tr>\n<tr>\n<td><\/td>\n<td>Maximale Abmessung<\/td>\n<td>4200 x 4600 mm<\/td>\n<\/tr>\n<tr>\n<td><\/td>\n<td>Laufgeschwindigkeit (V\/max)<\/td>\n<td>1,7 m\/sek<\/td>\n<\/tr>\n<tr>\n<td><\/td>\n<td>Absicherung<\/td>\n<td>Lichtgitter bis H 2500 mm<\/td>\n<\/tr>\n<tr>\n<td><\/td>\n<td>Torblatt<\/td>\n<td>PES-Gewebe<\/td>\n<\/tr>\n<tr>\n<td><\/td>\n<td>Oberfl\u00e4chen<\/td>\n<td>Aluminium, eloxiert<\/td>\n<\/tr>\n<tr>\n<td><\/td>\n<td>Antrieb \/ Steuerung<\/td>\n<td>GFA, TS971 oder ProZ-CX<\/td>\n<\/tr>\n<tr>\n<td><\/td>\n<td>Einsatzbereiche<\/td>\n<td>industrielle Innen- und Au\u00dfenbereiche<\/td>\n<\/tr>\n<tr>\n<td><\/td>\n<td>Unterschiene<\/td>\n<td>Aluminium, Bodendichtung Grau oder Signalgelb<\/td>\n<\/tr>\n<tr>\n<td><\/td>\n<td>Torblatt-F\u00fchrung<\/td>\n<td>hochverdichteter PE-Kunstoff, &nbsp;mit Doppelrollen-Windsicherung<\/td>\n<\/tr>\n<tr>\n<td><\/td>\n<td>Motor- und Getriebe<\/td>\n<td>Schneckenrad-Getriebe mit FU<\/td>\n<\/tr>\n<tr>\n<td><\/td>\n<td>Ausstattungs-Varianten<\/td>\n<td><i>siehe unten<\/i><\/td>\n<\/tr>\n<tr>\n<td>&nbsp;\u21d2Download:<\/td>\n<td><\/td>\n<td><\/td>\n<\/tr>\n<\/tbody>\n<\/table>\n<p><a href=\"http:\/\/2024.eret-tortechnik.de\/anwendungsgebiete_schnelllauftore\/industrie_schnelllauftore\/\"><img loading=\"lazy\" decoding=\"async\" class=\"alignnone wp-image-2423 size-thumbnail\" src=\"http:\/\/2024.eret-tortechnik.de\/wp-content\/uploads\/2015\/01\/modell_industrie-150x150.jpg\" alt=\"modell_industrie\" width=\"150\" height=\"150\" srcset=\"https:\/\/2024.eret-tortechnik.de\/wp-content\/uploads\/2015\/01\/modell_industrie-150x150.jpg 150w, https:\/\/2024.eret-tortechnik.de\/wp-content\/uploads\/2015\/01\/modell_industrie.jpg 300w\" sizes=\"(max-width: 150px) 100vw, 150px\" \/><\/a>&nbsp;<a href=\"http:\/\/2024.eret-tortechnik.de\/anwendungsgebiete_schnelllauftore\/fluchtwegtore\/\"><img loading=\"lazy\" decoding=\"async\" class=\"alignnone wp-image-2318 size-thumbnail\" src=\"http:\/\/2024.eret-tortechnik.de\/wp-content\/uploads\/2015\/01\/modell_escape1-150x150.jpg\" alt=\"modell_escape\" width=\"150\" height=\"150\" srcset=\"https:\/\/2024.eret-tortechnik.de\/wp-content\/uploads\/2015\/01\/modell_escape1-150x150.jpg 150w, https:\/\/2024.eret-tortechnik.de\/wp-content\/uploads\/2015\/01\/modell_escape1.jpg 300w\" sizes=\"(max-width: 150px) 100vw, 150px\" \/><\/a>&nbsp;<a href=\"http:\/\/2024.eret-tortechnik.de\/anwendungsgebiete_schnelllauftore\/lebensmitteltore\/\"><img loading=\"lazy\" decoding=\"async\" class=\"alignnone wp-image-2274 size-thumbnail\" src=\"http:\/\/2024.eret-tortechnik.de\/wp-content\/uploads\/2015\/01\/model_food-150x150.jpg\" alt=\"model_food\" width=\"150\" height=\"150\" srcset=\"https:\/\/2024.eret-tortechnik.de\/wp-content\/uploads\/2015\/01\/model_food-150x150.jpg 150w, https:\/\/2024.eret-tortechnik.de\/wp-content\/uploads\/2015\/01\/model_food.jpg 300w\" sizes=\"(max-width: 150px) 100vw, 150px\" \/><\/a>&nbsp;<a href=\"http:\/\/2024.eret-tortechnik.de\/vorfeldabsicherung-plus-fuer-schnelllauftore\/\"><img loading=\"lazy\" decoding=\"async\" class=\"alignnone wp-image-2295 size-thumbnail\" src=\"http:\/\/2024.eret-tortechnik.de\/wp-content\/uploads\/2015\/01\/vorfeldsicherung_plus-150x150.jpg\" alt=\"vorfeldsicherung_plus\" width=\"150\" height=\"150\" srcset=\"https:\/\/2024.eret-tortechnik.de\/wp-content\/uploads\/2015\/01\/vorfeldsicherung_plus-150x150.jpg 150w, https:\/\/2024.eret-tortechnik.de\/wp-content\/uploads\/2015\/01\/vorfeldsicherung_plus.jpg 300w\" sizes=\"(max-width: 150px) 100vw, 150px\" \/><\/a>&nbsp;<a href=\"http:\/\/2024.eret-tortechnik.de\/schnellauftore-mit-anti-crash\/\"><img loading=\"lazy\" decoding=\"async\" class=\"alignnone wp-image-2278 size-thumbnail\" src=\"http:\/\/2024.eret-tortechnik.de\/wp-content\/uploads\/2015\/01\/model_crash-150x150.jpg\" alt=\"model_crash\" width=\"150\" height=\"150\" srcset=\"https:\/\/2024.eret-tortechnik.de\/wp-content\/uploads\/2015\/01\/model_crash-150x150.jpg 150w, https:\/\/2024.eret-tortechnik.de\/wp-content\/uploads\/2015\/01\/model_crash.jpg 300w\" sizes=\"(max-width: 150px) 100vw, 150px\" \/><\/a><\/p>\n<p>&nbsp;[\/et_pb_text][\/et_pb_column][\/et_pb_row][\/et_pb_section]<\/p>\n","protected":false},"excerpt":{"rendered":"<p>ProLine Schnelllauftor PSE-M mittelschwere Ausf\u00fchrung f\u00fcr Innen- und Au\u00dfenmontage Das Tor \u00f6ffnet mit 1,7 m\/sek (V\/max) und schlie\u00dft mit 0,8 m\/sek. Es erf\u00fcllt die Windklasse 3 und kann somit uneingeschr\u00e4nkt im Au\u00dfenbereich verwendet werden. Ausstattung &#8222;Industrie&#8220;&nbsp;serienm\u00e4\u00dfig incl. Anti-Crash Das ProLine ist das Standardtor aus der Professional Baureihe. Serienm\u00e4\u00dfig wird die Ausstattung Industrie angeboten. Diese Ausstattung [&hellip;]<\/p>\n","protected":false},"author":9,"featured_media":0,"parent":0,"menu_order":0,"comment_status":"closed","ping_status":"closed","template":"","meta":{"_acf_changed":false,"_et_pb_use_builder":"on","_et_pb_old_content":"<h1>ProLine Schnelllauftor PSE-M<\/h1>\r\n<h2>mittelschwere Ausf\u00fchrung f\u00fcr Innen- und Au\u00dfenmontage<\/h2>\r\nDas Tor \u00f6ffnet mit 1,7 m\/sek (V\/max) und schlie\u00dft mit 0,8 m\/sek. Es erf\u00fcllt die Windklasse 3 und kann somit uneingeschr\u00e4nkt im Au\u00dfenbereich verwendet werden.\r\n<h2>Ausstattung \"Industrie\"\u00a0serienm\u00e4\u00dfig incl. Anti-Crash<\/h2>\r\nDas ProLine ist das Standardtor aus der Professional Baureihe. Serienm\u00e4\u00dfig wird die Ausstattung Industrie angeboten. Diese Ausstattung beinhaltet horizontale Torblattspannung, Anti-Crash Unterteil, Lichtgitter f\u00fcr ber\u00fchrungslose Sicherheit und einen Frequenz-Antrieb mit Sanft-Anlauf und Sanft-Stopp f\u00fcr den besonders schonenden Torbetrieb.\r\n<table>\r\n<tbody>\r\n<tr>\r\n<td><img class=\"aligncenter wp-image-2321\" src=\"http:\/\/2024.eret-tortechnik.de\/wp-content\/uploads\/2015\/01\/Modell_pse_m1-300x300.jpg\" alt=\"Modell_pse_m\" width=\"199\" height=\"199\"><\/td>\r\n<td>\r\n<h1><\/h1>\r\n<h1 style=\"text-align: center;\"><\/h1>\r\n<\/td>\r\n<td><a href=\"http:\/\/2024.eret-tortechnik.de\/wp-content\/uploads\/2014\/12\/MaxSeal_greenhouse.jpg\"><img class=\"aligncenter wp-image-2164\" src=\"http:\/\/2024.eret-tortechnik.de\/wp-content\/uploads\/2014\/12\/MaxSeal_greenhouse.jpg\" alt=\"Schnelllauftor ERET\" width=\"452\" height=\"201\"><\/a><\/td>\r\n<\/tr>\r\n<tr>\r\n<td><\/td>\r\n<td>Maximale Abmessung<\/td>\r\n<td>4200 x 4600 mm<\/td>\r\n<\/tr>\r\n<tr>\r\n<td><\/td>\r\n<td>Laufgeschwindigkeit (V\/max)<\/td>\r\n<td>1,7 m\/sek<\/td>\r\n<\/tr>\r\n<tr>\r\n<td><\/td>\r\n<td>Absicherung<\/td>\r\n<td>Lichtgitter bis H 2500 mm<\/td>\r\n<\/tr>\r\n<tr>\r\n<td><\/td>\r\n<td>Torblatt<\/td>\r\n<td>PES-Gewebe<\/td>\r\n<\/tr>\r\n<tr>\r\n<td><\/td>\r\n<td>Oberfl\u00e4chen<\/td>\r\n<td>Aluminium, eloxiert<\/td>\r\n<\/tr>\r\n<tr>\r\n<td><\/td>\r\n<td>Antrieb \/ Steuerung<\/td>\r\n<td>GFA, TS971 oder ProZ-CX<\/td>\r\n<\/tr>\r\n<tr>\r\n<td><\/td>\r\n<td>Einsatzbereiche<\/td>\r\n<td>industrielle Innen- und Au\u00dfenbereiche<\/td>\r\n<\/tr>\r\n<tr>\r\n<td><\/td>\r\n<td>Unterschiene<\/td>\r\n<td>Aluminium, Bodendichtung Grau oder Signalgelb<\/td>\r\n<\/tr>\r\n<tr>\r\n<td><\/td>\r\n<td>Torblatt-F\u00fchrung<\/td>\r\n<td>hochverdichteter PE-Kunstoff, \u00a0mit Doppelrollen-Windsicherung<\/td>\r\n<\/tr>\r\n<tr>\r\n<td><\/td>\r\n<td>Motor- und Getriebe<\/td>\r\n<td>Schneckenrad-Getriebe mit FU<\/td>\r\n<\/tr>\r\n<tr>\r\n<td><\/td>\r\n<td>Ausstattungs-Varianten<\/td>\r\n<td><i>siehe unten<\/i><\/td>\r\n<\/tr>\r\n<tr>\r\n<td>\u00a0\u21d2Download:<\/td>\r\n<td><a href=\"http:\/\/2024.eret-tortechnik.de\/wp-content\/uploads\/2014\/08\/Datenblatt-PSE-M-14-08-2014.pdf\"><img class=\"aligncenter wp-image-1024 size-medium\" src=\"http:\/\/2024.eret-tortechnik.de\/wp-content\/uploads\/2014\/08\/Ansicht-Datenblatt-PSE-M-203x300.png\" alt=\"Datenblatt Schnelllauftor PSE-M\" width=\"203\" height=\"300\"><\/a><\/td>\r\n<td><a href=\"http:\/\/2024.eret-tortechnik.de\/wp-content\/uploads\/2016\/10\/Prospekt-ERET-Schnelllauftore_10-2016_MAIL.pdf\"><img class=\"aligncenter wp-image-3412 size-medium\" src=\"http:\/\/2024.eret-tortechnik.de\/wp-content\/uploads\/2016\/10\/Prospekt_ERET-Schnelllauftore_Titel-214x300.png\" alt=\"prospekt_eret-schnelllauftore_titel\" width=\"214\" height=\"300\"><\/a><\/td>\r\n<\/tr>\r\n<\/tbody>\r\n<\/table>\r\n<a href=\"http:\/\/2024.eret-tortechnik.de\/anwendungsgebiete_schnelllauftore\/industrie_schnelllauftore\/\"><img class=\"alignnone wp-image-2423 size-thumbnail\" src=\"http:\/\/2024.eret-tortechnik.de\/wp-content\/uploads\/2015\/01\/modell_industrie-150x150.jpg\" alt=\"modell_industrie\" width=\"150\" height=\"150\"><\/a>\u00a0<a href=\"http:\/\/2024.eret-tortechnik.de\/anwendungsgebiete_schnelllauftore\/fluchtwegtore\/\"><img class=\"alignnone wp-image-2318 size-thumbnail\" src=\"http:\/\/2024.eret-tortechnik.de\/wp-content\/uploads\/2015\/01\/modell_escape1-150x150.jpg\" alt=\"modell_escape\" width=\"150\" height=\"150\"><\/a>\u00a0<a href=\"http:\/\/2024.eret-tortechnik.de\/anwendungsgebiete_schnelllauftore\/lebensmitteltore\/\"><img class=\"alignnone wp-image-2274 size-thumbnail\" src=\"http:\/\/2024.eret-tortechnik.de\/wp-content\/uploads\/2015\/01\/model_food-150x150.jpg\" alt=\"model_food\" width=\"150\" height=\"150\"><\/a>\u00a0<a href=\"http:\/\/2024.eret-tortechnik.de\/vorfeldabsicherung-plus-fuer-schnelllauftore\/\"><img class=\"alignnone wp-image-2295 size-thumbnail\" src=\"http:\/\/2024.eret-tortechnik.de\/wp-content\/uploads\/2015\/01\/vorfeldsicherung_plus-150x150.jpg\" alt=\"vorfeldsicherung_plus\" width=\"150\" height=\"150\"><\/a>\u00a0<a href=\"http:\/\/2024.eret-tortechnik.de\/schnellauftore-mit-anti-crash\/\"><img class=\"alignnone wp-image-2278 size-thumbnail\" src=\"http:\/\/2024.eret-tortechnik.de\/wp-content\/uploads\/2015\/01\/model_crash-150x150.jpg\" alt=\"model_crash\" width=\"150\" height=\"150\"><\/a>\r\n\r\n\u00a0","_et_gb_content_width":"","footnotes":""},"class_list":["post-2329","page","type-page","status-publish","hentry"],"acf":[],"yoast_head":"<!-- This site is optimized with the Yoast SEO plugin v26.8 - https:\/\/yoast.com\/product\/yoast-seo-wordpress\/ -->\n<title>Schnelllauftor PSE-M - ProLine und AluLine Schnelllauftore<\/title>\n<meta name=\"robots\" content=\"index, follow, max-snippet:-1, max-image-preview:large, max-video-preview:-1\" \/>\n<link rel=\"canonical\" href=\"https:\/\/2024.eret-tortechnik.de\/nl\/schnelllauftor-pse-m\/\" \/>\n<meta property=\"og:locale\" content=\"nl_NL\" \/>\n<meta property=\"og:type\" content=\"article\" \/>\n<meta property=\"og:title\" content=\"Schnelllauftor PSE-M - ProLine und AluLine Schnelllauftore\" \/>\n<meta property=\"og:description\" content=\"ProLine Schnelllauftor PSE-M mittelschwere Ausf\u00fchrung f\u00fcr Innen- und Au\u00dfenmontage Das Tor \u00f6ffnet mit 1,7 m\/sek (V\/max) und schlie\u00dft mit 0,8 m\/sek. Es erf\u00fcllt die Windklasse 3 und kann somit uneingeschr\u00e4nkt im Au\u00dfenbereich verwendet werden. Ausstattung &quot;Industrie&quot;&nbsp;serienm\u00e4\u00dfig incl. Anti-Crash Das ProLine ist das Standardtor aus der Professional Baureihe. Serienm\u00e4\u00dfig wird die Ausstattung Industrie angeboten. Diese Ausstattung [&hellip;]\" \/>\n<meta property=\"og:url\" content=\"https:\/\/2024.eret-tortechnik.de\/nl\/schnelllauftor-pse-m\/\" \/>\n<meta property=\"og:site_name\" content=\"ProLine und AluLine Schnelllauftore\" \/>\n<meta property=\"article:publisher\" content=\"https:\/\/www.facebook.com\/SchwaebischeTormanufaktur\" \/>\n<meta property=\"article:modified_time\" content=\"2021-04-12T09:57:21+00:00\" \/>\n<meta property=\"og:image\" content=\"http:\/\/2024.eret-tortechnik.de\/wp-content\/uploads\/2015\/01\/Modell_pse_m1-300x300.jpg\" \/>\n<meta name=\"twitter:card\" content=\"summary_large_image\" \/>\n<meta name=\"twitter:label1\" content=\"Est. reading time\" \/>\n\t<meta name=\"twitter:data1\" content=\"1 minute\" \/>\n<script type=\"application\/ld+json\" class=\"yoast-schema-graph\">{\"@context\":\"https:\/\/schema.org\",\"@graph\":[{\"@type\":\"WebPage\",\"@id\":\"https:\/\/2024.eret-tortechnik.de\/schnelllauftor-pse-m\/\",\"url\":\"https:\/\/2024.eret-tortechnik.de\/schnelllauftor-pse-m\/\",\"name\":\"Schnelllauftor PSE-M - ProLine und AluLine Schnelllauftore\",\"isPartOf\":{\"@id\":\"https:\/\/2024.eret-tortechnik.de\/#website\"},\"primaryImageOfPage\":{\"@id\":\"https:\/\/2024.eret-tortechnik.de\/schnelllauftor-pse-m\/#primaryimage\"},\"image\":{\"@id\":\"https:\/\/2024.eret-tortechnik.de\/schnelllauftor-pse-m\/#primaryimage\"},\"thumbnailUrl\":\"http:\/\/2024.eret-tortechnik.de\/wp-content\/uploads\/2015\/01\/Modell_pse_m1-300x300.jpg\",\"datePublished\":\"2015-01-30T16:51:39+00:00\",\"dateModified\":\"2021-04-12T09:57:21+00:00\",\"breadcrumb\":{\"@id\":\"https:\/\/2024.eret-tortechnik.de\/schnelllauftor-pse-m\/#breadcrumb\"},\"inLanguage\":\"nl-NL-formal\",\"potentialAction\":[{\"@type\":\"ReadAction\",\"target\":[\"https:\/\/2024.eret-tortechnik.de\/schnelllauftor-pse-m\/\"]}]},{\"@type\":\"ImageObject\",\"inLanguage\":\"nl-NL-formal\",\"@id\":\"https:\/\/2024.eret-tortechnik.de\/schnelllauftor-pse-m\/#primaryimage\",\"url\":\"http:\/\/2024.eret-tortechnik.de\/wp-content\/uploads\/2015\/01\/Modell_pse_m1-300x300.jpg\",\"contentUrl\":\"http:\/\/2024.eret-tortechnik.de\/wp-content\/uploads\/2015\/01\/Modell_pse_m1-300x300.jpg\"},{\"@type\":\"BreadcrumbList\",\"@id\":\"https:\/\/2024.eret-tortechnik.de\/schnelllauftor-pse-m\/#breadcrumb\",\"itemListElement\":[{\"@type\":\"ListItem\",\"position\":1,\"name\":\"Startseite\",\"item\":\"https:\/\/2024.eret-tortechnik.de\/\"},{\"@type\":\"ListItem\",\"position\":2,\"name\":\"Schnelllauftor PSE-M\"}]},{\"@type\":\"WebSite\",\"@id\":\"https:\/\/2024.eret-tortechnik.de\/#website\",\"url\":\"https:\/\/2024.eret-tortechnik.de\/\",\"name\":\"ProLine und AluLine Schnelllauftore\",\"description\":\"Alu-Schnelllauftore  |  flexible Schnelllauftore  |  Design Rolltore  |  individueller Torbau\",\"publisher\":{\"@id\":\"https:\/\/2024.eret-tortechnik.de\/#organization\"},\"potentialAction\":[{\"@type\":\"SearchAction\",\"target\":{\"@type\":\"EntryPoint\",\"urlTemplate\":\"https:\/\/2024.eret-tortechnik.de\/?s={search_term_string}\"},\"query-input\":{\"@type\":\"PropertyValueSpecification\",\"valueRequired\":true,\"valueName\":\"search_term_string\"}}],\"inLanguage\":\"nl-NL-formal\"},{\"@type\":\"Organization\",\"@id\":\"https:\/\/2024.eret-tortechnik.de\/#organization\",\"name\":\"ERET-Tortechnik GmbH - Schnelllauftore\",\"url\":\"https:\/\/2024.eret-tortechnik.de\/\",\"logo\":{\"@type\":\"ImageObject\",\"inLanguage\":\"nl-NL-formal\",\"@id\":\"https:\/\/2024.eret-tortechnik.de\/#\/schema\/logo\/image\/\",\"url\":\"https:\/\/eret-tortechnik.de\/wp-content\/uploads\/2020\/12\/cropped-eret-logo-500-min.jpg\",\"contentUrl\":\"https:\/\/eret-tortechnik.de\/wp-content\/uploads\/2020\/12\/cropped-eret-logo-500-min.jpg\",\"width\":512,\"height\":512,\"caption\":\"ERET-Tortechnik GmbH - Schnelllauftore\"},\"image\":{\"@id\":\"https:\/\/2024.eret-tortechnik.de\/#\/schema\/logo\/image\/\"},\"sameAs\":[\"https:\/\/www.facebook.com\/SchwaebischeTormanufaktur\"]}]}<\/script>\n<!-- \/ Yoast SEO plugin. -->","yoast_head_json":{"title":"Schnelllauftor PSE-M - ProLine und AluLine Schnelllauftore","robots":{"index":"index","follow":"follow","max-snippet":"max-snippet:-1","max-image-preview":"max-image-preview:large","max-video-preview":"max-video-preview:-1"},"canonical":"https:\/\/2024.eret-tortechnik.de\/nl\/schnelllauftor-pse-m\/","og_locale":"nl_NL","og_type":"article","og_title":"Schnelllauftor PSE-M - ProLine und AluLine Schnelllauftore","og_description":"ProLine Schnelllauftor PSE-M mittelschwere Ausf\u00fchrung f\u00fcr Innen- und Au\u00dfenmontage Das Tor \u00f6ffnet mit 1,7 m\/sek (V\/max) und schlie\u00dft mit 0,8 m\/sek. Es erf\u00fcllt die Windklasse 3 und kann somit uneingeschr\u00e4nkt im Au\u00dfenbereich verwendet werden. Ausstattung \"Industrie\"&nbsp;serienm\u00e4\u00dfig incl. Anti-Crash Das ProLine ist das Standardtor aus der Professional Baureihe. Serienm\u00e4\u00dfig wird die Ausstattung Industrie angeboten. Diese Ausstattung [&hellip;]","og_url":"https:\/\/2024.eret-tortechnik.de\/nl\/schnelllauftor-pse-m\/","og_site_name":"ProLine und AluLine Schnelllauftore","article_publisher":"https:\/\/www.facebook.com\/SchwaebischeTormanufaktur","article_modified_time":"2021-04-12T09:57:21+00:00","og_image":[{"url":"http:\/\/2024.eret-tortechnik.de\/wp-content\/uploads\/2015\/01\/Modell_pse_m1-300x300.jpg","type":"","width":"","height":""}],"twitter_card":"summary_large_image","twitter_misc":{"Est. reading time":"1 minute"},"schema":{"@context":"https:\/\/schema.org","@graph":[{"@type":"WebPage","@id":"https:\/\/2024.eret-tortechnik.de\/schnelllauftor-pse-m\/","url":"https:\/\/2024.eret-tortechnik.de\/schnelllauftor-pse-m\/","name":"Schnelllauftor PSE-M - ProLine und AluLine Schnelllauftore","isPartOf":{"@id":"https:\/\/2024.eret-tortechnik.de\/#website"},"primaryImageOfPage":{"@id":"https:\/\/2024.eret-tortechnik.de\/schnelllauftor-pse-m\/#primaryimage"},"image":{"@id":"https:\/\/2024.eret-tortechnik.de\/schnelllauftor-pse-m\/#primaryimage"},"thumbnailUrl":"http:\/\/2024.eret-tortechnik.de\/wp-content\/uploads\/2015\/01\/Modell_pse_m1-300x300.jpg","datePublished":"2015-01-30T16:51:39+00:00","dateModified":"2021-04-12T09:57:21+00:00","breadcrumb":{"@id":"https:\/\/2024.eret-tortechnik.de\/schnelllauftor-pse-m\/#breadcrumb"},"inLanguage":"nl-NL-formal","potentialAction":[{"@type":"ReadAction","target":["https:\/\/2024.eret-tortechnik.de\/schnelllauftor-pse-m\/"]}]},{"@type":"ImageObject","inLanguage":"nl-NL-formal","@id":"https:\/\/2024.eret-tortechnik.de\/schnelllauftor-pse-m\/#primaryimage","url":"http:\/\/2024.eret-tortechnik.de\/wp-content\/uploads\/2015\/01\/Modell_pse_m1-300x300.jpg","contentUrl":"http:\/\/2024.eret-tortechnik.de\/wp-content\/uploads\/2015\/01\/Modell_pse_m1-300x300.jpg"},{"@type":"BreadcrumbList","@id":"https:\/\/2024.eret-tortechnik.de\/schnelllauftor-pse-m\/#breadcrumb","itemListElement":[{"@type":"ListItem","position":1,"name":"Startseite","item":"https:\/\/2024.eret-tortechnik.de\/"},{"@type":"ListItem","position":2,"name":"Schnelllauftor PSE-M"}]},{"@type":"WebSite","@id":"https:\/\/2024.eret-tortechnik.de\/#website","url":"https:\/\/2024.eret-tortechnik.de\/","name":"ProLine und AluLine Schnelllauftore","description":"Alu-Schnelllauftore  |  flexible Schnelllauftore  |  Design Rolltore  |  individueller Torbau","publisher":{"@id":"https:\/\/2024.eret-tortechnik.de\/#organization"},"potentialAction":[{"@type":"SearchAction","target":{"@type":"EntryPoint","urlTemplate":"https:\/\/2024.eret-tortechnik.de\/?s={search_term_string}"},"query-input":{"@type":"PropertyValueSpecification","valueRequired":true,"valueName":"search_term_string"}}],"inLanguage":"nl-NL-formal"},{"@type":"Organization","@id":"https:\/\/2024.eret-tortechnik.de\/#organization","name":"ERET-Tortechnik GmbH - Schnelllauftore","url":"https:\/\/2024.eret-tortechnik.de\/","logo":{"@type":"ImageObject","inLanguage":"nl-NL-formal","@id":"https:\/\/2024.eret-tortechnik.de\/#\/schema\/logo\/image\/","url":"https:\/\/eret-tortechnik.de\/wp-content\/uploads\/2020\/12\/cropped-eret-logo-500-min.jpg","contentUrl":"https:\/\/eret-tortechnik.de\/wp-content\/uploads\/2020\/12\/cropped-eret-logo-500-min.jpg","width":512,"height":512,"caption":"ERET-Tortechnik GmbH - Schnelllauftore"},"image":{"@id":"https:\/\/2024.eret-tortechnik.de\/#\/schema\/logo\/image\/"},"sameAs":["https:\/\/www.facebook.com\/SchwaebischeTormanufaktur"]}]}},"_links":{"self":[{"href":"https:\/\/2024.eret-tortechnik.de\/nl\/wp-json\/wp\/v2\/pages\/2329","targetHints":{"allow":["GET"]}}],"collection":[{"href":"https:\/\/2024.eret-tortechnik.de\/nl\/wp-json\/wp\/v2\/pages"}],"about":[{"href":"https:\/\/2024.eret-tortechnik.de\/nl\/wp-json\/wp\/v2\/types\/page"}],"author":[{"embeddable":true,"href":"https:\/\/2024.eret-tortechnik.de\/nl\/wp-json\/wp\/v2\/users\/9"}],"replies":[{"embeddable":true,"href":"https:\/\/2024.eret-tortechnik.de\/nl\/wp-json\/wp\/v2\/comments?post=2329"}],"version-history":[{"count":0,"href":"https:\/\/2024.eret-tortechnik.de\/nl\/wp-json\/wp\/v2\/pages\/2329\/revisions"}],"wp:attachment":[{"href":"https:\/\/2024.eret-tortechnik.de\/nl\/wp-json\/wp\/v2\/media?parent=2329"}],"curies":[{"name":"wp","href":"https:\/\/api.w.org\/{rel}","templated":true}]}}